{"id":30724,"date":"2021-09-13T18:09:55","date_gmt":"2021-09-13T22:09:55","guid":{"rendered":"https:\/\/celebritydentist.com\/?page_id=30724"},"modified":"2021-09-15T11:11:44","modified_gmt":"2021-09-15T15:11:44","slug":"retour-dinformation-positif","status":"publish","type":"page","link":"https:\/\/celebritydentist.com\/fr\/positive-feedback\/","title":{"rendered":"R\u00e9troaction positive"},"content":{"rendered":"<h3>Nous sommes heureux que vous ayez eu une exp\u00e9rience positive avec nous !<\/h3>\n<p>Pourriez-vous prendre un moment pour nous donner votre avis sur <a href=\"https:\/\/www.facebook.com\/celebritydentistla\/reviews\"><strong>Facebook<\/strong><\/a>, <a href=\"https:\/\/www.google.com\/search?q=dr%20mobasser%20google%20reviews&amp;rlz=1C1CHBF_enUS779US779&amp;oq=dr+mobasser+google+reviews&amp;aqs=chrome..69i57j69i64.5087j0j4&amp;sourceid=chrome&amp;ie=UTF-8&amp;npsic=0&amp;rflfq=1&amp;rlha=0&amp;rllag=34063281,-118325945,6875&amp;tbm=lcl&amp;rldimm=6294796754307470257&amp;lqi=ChpkciBtb2Jhc3NlciBnb29nbGUgcmV2aWV3cyIFOAGIAQFaDQoLZHIgbW9iYXNzZXI&amp;ved=2ahUKEwiS0Zv_3d3iAhUloFsKHX7XBX4QvS4wA3oECAoQJg&amp;rldoc=1&amp;tbs=lrf:!2m4!1e17!4m2!17m1!1e2!2m1!1e2!2m1!1e3!3sIAE,lf:1,lf_ui:2#rlfi=hd:;si:6294796754307470257,l,ChpkciBtb2Jhc3NlciBnb29nbGUgcmV2aWV3cyIFOAGIAQFaDQoLZHIgbW9iYXNzZXI;mv:!1m2!1d34.0944204!2d-118.25121739999999!2m2!1d34.0321427!2d-118.4006744!3m12!1m3!1d30160.34255043882!2d-118.3259459!3d34.063281550000006!2m3!1f0!2f0!3f0!3m2!1i871!2i438!4f13.1;tbs:lrf:!2m1!1e2!2m1!1e3!2m4!1e17!4m2!17m1!1e2!3sIAE,lf:1,lf_ui:2\"><strong>Google<\/strong><\/a> et <a href=\"https:\/\/www.yelp.com\/biz\/anthony-mobasser-celebrity-dentist-los-angeles\"><strong>Yelp<\/strong><\/a>? Votre avis est appr\u00e9ci\u00e9 !<\/p>\n<p>Veuillez partager votre \u00e9valuation honn\u00eate avec leur public. Nous appr\u00e9cions vraiment votre temps et votre aide !<\/p>","protected":false},"excerpt":{"rendered":"<p>Nous sommes heureux que vous ayez eu une exp\u00e9rience positive avec nous ! Pourriez-vous prendre un moment pour donner votre avis sur nous sur Facebook, Google et Yelp ? Votre \u00e9valuation est appr\u00e9ci\u00e9e ! N'h\u00e9sitez pas \u00e0 partager votre \u00e9valuation avec votre public. Nous appr\u00e9cions vraiment votre temps et votre aide !<\/p>","protected":false},"author":4,"featured_media":0,"parent":0,"menu_order":0,"comment_status":"closed","ping_status":"closed","template":"","meta":{"rop_custom_images_group":[],"rop_custom_messages_group":[],"rop_publish_now":"initial","rop_publish_now_accounts":{"gmb_109265489736877664202_accounts\/109265489736877664202\/locations\/14511074563117616170":""},"rop_publish_now_history":[],"rop_publish_now_status":"pending","footnotes":""},"class_list":["post-30724","page","type-page","status-publish","hentry"],"yoast_head":"<!-- This site is optimized with the Yoast SEO plugin v27.5 - https:\/\/yoast.com\/product\/yoast-seo-wordpress\/ -->\n<title>Positive Feedback | Cosmetic Dentist Los Angeles - Dr. Anthony Mobasser<\/title>\n<meta name=\"robots\" content=\"index, follow, max-snippet:-1, max-image-preview:large, max-video-preview:-1\" \/>\n<link rel=\"canonical\" href=\"https:\/\/celebritydentist.com\/fr\/retour-dinformation-positif\/\" \/>\n<meta property=\"og:locale\" content=\"fr_FR\" \/>\n<meta property=\"og:type\" content=\"article\" \/>\n<meta property=\"og:title\" content=\"Positive Feedback | Cosmetic Dentist Los Angeles - Dr. Anthony Mobasser\" \/>\n<meta property=\"og:description\" content=\"We\u2019re glad you had a positive experience with us! Would you mind taking a moment to review us on Facebook, Google and Yelp? Your review is appreciated! Please share your honest rating with their audience. We truly appreciate your time and help!\" \/>\n<meta property=\"og:url\" content=\"https:\/\/celebritydentist.com\/fr\/retour-dinformation-positif\/\" \/>\n<meta property=\"og:site_name\" content=\"Cosmetic Dentist Los Angeles - Dr. Anthony Mobasser\" \/>\n<meta property=\"article:publisher\" content=\"https:\/\/www.facebook.com\/celebritydentistla\" \/>\n<meta property=\"article:modified_time\" content=\"2021-09-15T15:11:44+00:00\" \/>\n<meta property=\"og:image\" content=\"https:\/\/celebritydentist.com\/wp-content\/uploads\/2023\/10\/Dr_Anthony_Mobasser_Logo.jpeg\" \/>\n\t<meta property=\"og:image:width\" content=\"1920\" \/>\n\t<meta property=\"og:image:height\" content=\"1005\" \/>\n\t<meta property=\"og:image:type\" content=\"image\/jpeg\" \/>\n<meta name=\"twitter:card\" content=\"summary_large_image\" \/>\n<meta name=\"twitter:site\" content=\"@DrMobasser\" \/>\n<script type=\"application\/ld+json\" class=\"yoast-schema-graph\">{\"@context\":\"https:\\\/\\\/schema.org\",\"@graph\":[{\"@type\":\"WebPage\",\"@id\":\"https:\\\/\\\/celebritydentist.com\\\/positive-feedback\\\/\",\"url\":\"https:\\\/\\\/celebritydentist.com\\\/positive-feedback\\\/\",\"name\":\"Positive Feedback | Cosmetic Dentist Los Angeles - Dr. Anthony Mobasser\",\"isPartOf\":{\"@id\":\"https:\\\/\\\/celebritydentist.com\\\/#website\"},\"datePublished\":\"2021-09-13T22:09:55+00:00\",\"dateModified\":\"2021-09-15T15:11:44+00:00\",\"breadcrumb\":{\"@id\":\"https:\\\/\\\/celebritydentist.com\\\/positive-feedback\\\/#breadcrumb\"},\"inLanguage\":\"fr-FR\",\"potentialAction\":[{\"@type\":\"ReadAction\",\"target\":[\"https:\\\/\\\/celebritydentist.com\\\/positive-feedback\\\/\"]}]},{\"@type\":\"BreadcrumbList\",\"@id\":\"https:\\\/\\\/celebritydentist.com\\\/positive-feedback\\\/#breadcrumb\",\"itemListElement\":[{\"@type\":\"ListItem\",\"position\":1,\"name\":\"Home\",\"item\":\"https:\\\/\\\/celebritydentist.com\\\/\"},{\"@type\":\"ListItem\",\"position\":2,\"name\":\"Positive Feedback\"}]},{\"@type\":\"WebSite\",\"@id\":\"https:\\\/\\\/celebritydentist.com\\\/#website\",\"url\":\"https:\\\/\\\/celebritydentist.com\\\/\",\"name\":\"Cosmetic Dentist in Los Angeles - Dr. Anthony Mobasser\",\"description\":\"Best Cosmetic Dentist in Los Angeles\",\"publisher\":{\"@id\":\"https:\\\/\\\/celebritydentist.com\\\/#organization\"},\"alternateName\":\"Dr. Anthony Mobasser - Celebrity Dentist\",\"potentialAction\":[{\"@type\":\"SearchAction\",\"target\":{\"@type\":\"EntryPoint\",\"urlTemplate\":\"https:\\\/\\\/celebritydentist.com\\\/?s={search_term_string}\"},\"query-input\":{\"@type\":\"PropertyValueSpecification\",\"valueRequired\":true,\"valueName\":\"search_term_string\"}}],\"inLanguage\":\"fr-FR\"},{\"@type\":\"Organization\",\"@id\":\"https:\\\/\\\/celebritydentist.com\\\/#organization\",\"name\":\"Dr. Anthony Mobasser - Celebrity Dentist\",\"url\":\"https:\\\/\\\/celebritydentist.com\\\/\",\"logo\":{\"@type\":\"ImageObject\",\"inLanguage\":\"fr-FR\",\"@id\":\"https:\\\/\\\/celebritydentist.com\\\/#\\\/schema\\\/logo\\\/image\\\/\",\"url\":\"https:\\\/\\\/celebritydentist.com\\\/wp-content\\\/uploads\\\/2020\\\/03\\\/logo.png\",\"contentUrl\":\"https:\\\/\\\/celebritydentist.com\\\/wp-content\\\/uploads\\\/2020\\\/03\\\/logo.png\",\"width\":312,\"height\":148,\"caption\":\"Dr. Anthony Mobasser - Celebrity Dentist\"},\"image\":{\"@id\":\"https:\\\/\\\/celebritydentist.com\\\/#\\\/schema\\\/logo\\\/image\\\/\"},\"sameAs\":[\"https:\\\/\\\/www.facebook.com\\\/celebritydentistla\",\"https:\\\/\\\/x.com\\\/DrMobasser\",\"https:\\\/\\\/www.youtube.com\\\/c\\\/dranthonymobasser\"]}]}<\/script>\n<!-- \/ Yoast SEO plugin. -->","yoast_head_json":{"title":"R\u00e9troaction positive - Dentiste cosm\u00e9tique Los Angeles - Dr. Anthony Mobasser","robots":{"index":"index","follow":"follow","max-snippet":"max-snippet:-1","max-image-preview":"max-image-preview:large","max-video-preview":"max-video-preview:-1"},"canonical":"https:\/\/celebritydentist.com\/fr\/retour-dinformation-positif\/","og_locale":"fr_FR","og_type":"article","og_title":"Positive Feedback | Cosmetic Dentist Los Angeles - Dr. Anthony Mobasser","og_description":"We\u2019re glad you had a positive experience with us! Would you mind taking a moment to review us on Facebook, Google and Yelp? Your review is appreciated! Please share your honest rating with their audience. We truly appreciate your time and help!","og_url":"https:\/\/celebritydentist.com\/fr\/retour-dinformation-positif\/","og_site_name":"Cosmetic Dentist Los Angeles - Dr. Anthony Mobasser","article_publisher":"https:\/\/www.facebook.com\/celebritydentistla","article_modified_time":"2021-09-15T15:11:44+00:00","og_image":[{"width":1920,"height":1005,"url":"https:\/\/celebritydentist.com\/wp-content\/uploads\/2023\/10\/Dr_Anthony_Mobasser_Logo.jpeg","type":"image\/jpeg"}],"twitter_card":"summary_large_image","twitter_site":"@DrMobasser","schema":{"@context":"https:\/\/schema.org","@graph":[{"@type":"WebPage","@id":"https:\/\/celebritydentist.com\/positive-feedback\/","url":"https:\/\/celebritydentist.com\/positive-feedback\/","name":"R\u00e9troaction positive - Dentiste cosm\u00e9tique Los Angeles - Dr. Anthony Mobasser","isPartOf":{"@id":"https:\/\/celebritydentist.com\/#website"},"datePublished":"2021-09-13T22:09:55+00:00","dateModified":"2021-09-15T15:11:44+00:00","breadcrumb":{"@id":"https:\/\/celebritydentist.com\/positive-feedback\/#breadcrumb"},"inLanguage":"fr-FR","potentialAction":[{"@type":"ReadAction","target":["https:\/\/celebritydentist.com\/positive-feedback\/"]}]},{"@type":"BreadcrumbList","@id":"https:\/\/celebritydentist.com\/positive-feedback\/#breadcrumb","itemListElement":[{"@type":"ListItem","position":1,"name":"Home","item":"https:\/\/celebritydentist.com\/"},{"@type":"ListItem","position":2,"name":"Positive Feedback"}]},{"@type":"WebSite","@id":"https:\/\/celebritydentist.com\/#website","url":"https:\/\/celebritydentist.com\/","name":"Dentiste esth\u00e9tique \u00e0 Los Angeles - Dr. Anthony Mobasser","description":"Meilleur dentiste esth\u00e9tique \u00e0 Los Angeles","publisher":{"@id":"https:\/\/celebritydentist.com\/#organization"},"alternateName":"Dr. Anthony Mobasser - Celebrity Dentist","potentialAction":[{"@type":"SearchAction","target":{"@type":"EntryPoint","urlTemplate":"https:\/\/celebritydentist.com\/?s={search_term_string}"},"query-input":{"@type":"PropertyValueSpecification","valueRequired":true,"valueName":"search_term_string"}}],"inLanguage":"fr-FR"},{"@type":"Organization","@id":"https:\/\/celebritydentist.com\/#organization","name":"Dr. Anthony Mobasser - Dentiste de renom","url":"https:\/\/celebritydentist.com\/","logo":{"@type":"ImageObject","inLanguage":"fr-FR","@id":"https:\/\/celebritydentist.com\/#\/schema\/logo\/image\/","url":"https:\/\/celebritydentist.com\/wp-content\/uploads\/2020\/03\/logo.png","contentUrl":"https:\/\/celebritydentist.com\/wp-content\/uploads\/2020\/03\/logo.png","width":312,"height":148,"caption":"Dr. Anthony Mobasser - Celebrity Dentist"},"image":{"@id":"https:\/\/celebritydentist.com\/#\/schema\/logo\/image\/"},"sameAs":["https:\/\/www.facebook.com\/celebritydentistla","https:\/\/x.com\/DrMobasser","https:\/\/www.youtube.com\/c\/dranthonymobasser"]}]}},"_links":{"self":[{"href":"https:\/\/celebritydentist.com\/fr\/wp-json\/wp\/v2\/pages\/30724","targetHints":{"allow":["GET"]}}],"collection":[{"href":"https:\/\/celebritydentist.com\/fr\/wp-json\/wp\/v2\/pages"}],"about":[{"href":"https:\/\/celebritydentist.com\/fr\/wp-json\/wp\/v2\/types\/page"}],"author":[{"embeddable":true,"href":"https:\/\/celebritydentist.com\/fr\/wp-json\/wp\/v2\/users\/4"}],"replies":[{"embeddable":true,"href":"https:\/\/celebritydentist.com\/fr\/wp-json\/wp\/v2\/comments?post=30724"}],"version-history":[{"count":0,"href":"https:\/\/celebritydentist.com\/fr\/wp-json\/wp\/v2\/pages\/30724\/revisions"}],"wp:attachment":[{"href":"https:\/\/celebritydentist.com\/fr\/wp-json\/wp\/v2\/media?parent=30724"}],"curies":[{"name":"wp","href":"https:\/\/api.w.org\/{rel}","templated":true}]}}