{"id":2908,"date":"2021-09-13T22:37:53","date_gmt":"2021-09-14T02:37:53","guid":{"rendered":"http:\/\/www.celebritydentistlosangeles.com\/?page_id=2908"},"modified":"2023-02-03T12:07:09","modified_gmt":"2023-02-03T17:07:09","slug":"a-propos-du-dr-mobasser","status":"publish","type":"page","link":"https:\/\/celebritydentist.com\/fr\/about-dr-mobasser\/","title":{"rendered":"\u00c0 propos du Dr Mobasser"},"content":{"rendered":"<div class=\"row\"  id=\"row-1772329332\">\n\n\t<div id=\"col-1742965577\" class=\"col small-12 large-12\"  >\n\t\t\t\t<div class=\"col-inner\"  >\n\t\t\t\n\t\t\t\n<p><img loading=\"lazy\" decoding=\"async\" class=\"alignleft wp-image-43465 size-full\" src=\"https:\/\/celebritydentist.com\/wp-content\/uploads\/2021\/10\/Dr.-Anthony-Mobasser-Celebrity-Dentist-Los-Angeles-Cosmetic-Dentist-2.jpg\" alt=\"Dr. Anthony Mobasser - Celebrity Dentist - Los Angeles Cosmetic Dentist (2)\" width=\"571\" height=\"857\" srcset=\"https:\/\/celebritydentist.com\/wp-content\/uploads\/2021\/10\/Dr.-Anthony-Mobasser-Celebrity-Dentist-Los-Angeles-Cosmetic-Dentist-2.jpg 571w, https:\/\/celebritydentist.com\/wp-content\/uploads\/2021\/10\/Dr.-Anthony-Mobasser-Celebrity-Dentist-Los-Angeles-Cosmetic-Dentist-2-267x400.jpg 267w, https:\/\/celebritydentist.com\/wp-content\/uploads\/2021\/10\/Dr.-Anthony-Mobasser-Celebrity-Dentist-Los-Angeles-Cosmetic-Dentist-2-533x800.jpg 533w\" sizes=\"auto, (max-width: 571px) 100vw, 571px\" \/><\/p>\n<h2 class=\"featured-heading\">Rencontrez le Dr. Anthony Mobasser, DMD, DDS Celebrity Dentist<\/h2>\n<p class=\"has-text-align-center has-medium-font-size\">\"<strong>J'aime voir les gens sourire, j'adore \u00e7a.....<\/strong><br \/>\n<strong>Le sourire est le miroir de l'\u00e2me.<\/strong><br \/>\n<strong>Elle est le reflet du caract\u00e8re<\/strong><br \/>\n<strong>qui est en vous.<\/strong><br \/>\n<strong>Il refl\u00e8te exactement la fa\u00e7on dont vous<\/strong><br \/>\n<strong>se sentir bien dans sa peau.<\/strong><br \/>\n<strong>Il dit au monde : \"Je suis heureux !!\".<\/strong><\/p>\n<h3 class=\"has-text-align-center\">Alors, allez-y, souriez.<\/h3>\n<p>Connu comme le dentiste des dentistes par ses pairs, il est de renomm\u00e9e mondiale.\u00a0<strong>Dentiste c\u00e9l\u00e8bre<\/strong>\u00a0Le Dr Anthony Mobasser est un praticien irr\u00e9prochable dans le domaine de la dentisterie esth\u00e9tique.<\/p>\n<p>Il a contribu\u00e9 \u00e0 r\u00e9volutionner le domaine de la dentisterie esth\u00e9tique et est connu au niveau national et international pour enseigner et appliquer les derni\u00e8res avanc\u00e9es dans ce domaine en pleine \u00e9volution.<\/p>\n<p>Il a r\u00e9alis\u00e9 des transformations du sourire en un jour et des reconstructions dentaires sur des milliers de patients.\u00a0<a href=\"https:\/\/www.yelp.com\/biz\/anthony-mobasser-celebrity-dentist-los-angeles\" target=\"_blank\" rel=\"nofollow noopener\"><em>Meilleur dentiste esth\u00e9tique<\/em><\/a>.<\/p>\n<p>Qu'il s'agisse de blanchir vos dents, d'ajuster leur alignement, de combler des lacunes, de restaurer des dents endommag\u00e9es ou manquantes, ou d'une autre combinaison d'am\u00e9liorations, ce dentiste cosm\u00e9tique californien peut tout faire dans son cabinet dentaire cosm\u00e9tique de Beverly Hills, au service des stars d'Hollywood et de Los Angeles, en Californie.<\/p>\n<p>Lorsque vous visitez ce site\u00a0<strong>dentiste c\u00e9l\u00e8bre<\/strong>Vous vous sentirez heureux, car ses rendez-vous individuels sont toujours ax\u00e9s sur vous et personne d'autre.<\/p>\n<p>Il ne re\u00e7oit qu'un seul patient \u00e0 la fois afin de vous offrir le meilleur traitement dentaire possible, sans aucune distraction. Une transformation du sourire ne prend que deux visites ou une semaine.<\/p>\n<p>Aujourd'hui, obtenir le sourire parfait dont vous avez toujours r\u00eav\u00e9 n'est plus un r\u00eave lointain.<\/p>\n\t<div id=\"gap-731378890\" class=\"gap-element clearfix\" style=\"display:block; height:auto;\">\n\t\t\n<style>\n#gap-731378890 {\n  padding-top: 30px;\n}\n<\/style>\n\t<\/div>\n\t\n<div class=\"container section-title-container\" ><h2 class=\"section-title section-title-bold-center\"><b><\/b><span class=\"section-title-main\" >Pourquoi choisir le Dr Mobasser<\/span><b><\/b><\/h2><\/div>\n<div class=\"row\"  id=\"row-40925506\">\n\n\t<div id=\"col-839251839\" class=\"col medium-6 small-12 large-6\"  >\n\t\t\t\t<div class=\"col-inner\"  >\n\t\t\t\n\t\t\t\n<h3><strong>Affiliations professionnelles du Dr. Anthony Mobasser<\/strong><\/h3>\n<ul>\n<li>Membre de l'Acad\u00e9mie am\u00e9ricaine de dentisterie esth\u00e9tique<\/li>\n<li>Membre de l'Association dentaire am\u00e9ricaine<\/li>\n<li>Membre de la Soci\u00e9t\u00e9 dentaire de Los Angeles<\/li>\n<li>Membre de l'Association dentaire de Californie<\/li>\n<li>Membre de l'Association dentaire de Pennsylvanie<\/li>\n<\/ul>\n\t\t<\/div>\n\t\t\t\t\t<\/div>\n\n\t\n\n\t<div id=\"col-1043514972\" class=\"col medium-6 small-12 large-6\"  >\n\t\t\t\t<div class=\"col-inner\"  >\n\t\t\t\n\t\t\t\n<h3><strong>R\u00e9f\u00e9rences du Dr Mobasser<\/strong><\/h3>\n<ul>\n<li>Dipl\u00f4mes de math\u00e9matiques et d'ing\u00e9nierie du Cerritos College - 1974<\/li>\n<li>Dipl\u00f4me de biochimie de l'Universit\u00e9 de Californie \u00e0 Los Angeles (UCLA) en 1976<\/li>\n<li>Obtention du dipl\u00f4me de DMD \u00e0 l'universit\u00e9 de Pennsylvanie en 1980<\/li>\n<li>A re\u00e7u le prix Caelus (pour la meilleure comp\u00e9tence clinique)<\/li>\n<li>Fondateur du r\u00e9seau de sp\u00e9cialistes dentaires de Beverly Hills<\/li>\n<li>Le dentiste le plus r\u00e9put\u00e9 de Los Angeles pour les \u00e9lites distingu\u00e9es (du monde du spectacle, des m\u00e9dias et de l'art dramatique) depuis 1980<\/li>\n<\/ul>\n\t\t<\/div>\n\t\t\t\t\t<\/div>\n\n\t\n<\/div>\n<div class=\"row\"  id=\"row-376042710\">\n\n\t<div id=\"col-730662254\" class=\"col small-12 large-12\"  >\n\t\t\t\t<div class=\"col-inner\"  >\n\t\t\t\n\t\t\t\n<p><img loading=\"lazy\" decoding=\"async\" class=\"size-medium wp-image-43466 alignleft\" src=\"https:\/\/celebritydentist.com\/wp-content\/uploads\/2021\/10\/Dr.-Anthony-Mobasser-Celebrity-Dentist-Cosmetic-Dentist-in-Los-Angeles-267x400.jpg\" alt=\"Anthony Mobasser - Dentiste c\u00e9l\u00e8bre - Dentiste esth\u00e9tique \u00e0 Los Angeles\" width=\"267\" height=\"400\" \/>Reconnu aux \u00c9tats-Unis comme l'un des dix meilleurs dentistes esth\u00e9tiques, le Dr Anthony Mobasser poss\u00e8de des comp\u00e9tences, une vision artistique et une passion pour la dentisterie in\u00e9gal\u00e9es. Avec plus de 30 ans d'exp\u00e9rience en dentisterie esth\u00e9tique et reconstructive, Anthony Mobasser DDS DMD est connu dans le monde entier pour fournir les meilleurs traitements dentaires disponibles. Ses patients b\u00e9n\u00e9ficient de r\u00e9sultats magnifiques, naturels et exceptionnels qu'ils ne peuvent obtenir nulle part ailleurs. Bien qu'il soit sp\u00e9cialis\u00e9 dans la dentisterie esth\u00e9tique, son objectif est d'\u00e9tablir une base saine avant de commencer ses proc\u00e9dures de dentisterie esth\u00e9tique.<\/p>\n<p>Une base dentaire saine ajoute des ann\u00e9es au succ\u00e8s de sa dentisterie cosm\u00e9tique, c'est pourquoi certaines des proc\u00e9dures dentaires qu'il a pratiqu\u00e9es il y a 35 ans ont toujours fi\u00e8re allure et fonctionnent bien dans la bouche de ses patients. Il est \u00e0 la pointe de la dentisterie et de la dentisterie esth\u00e9tique depuis de nombreuses ann\u00e9es, guidant, fa\u00e7onnant, dirigeant et cr\u00e9ant de nouvelles fa\u00e7ons d'embellir les sourires.<\/p>\n<p>Les patients affluent du monde entier \u00e0 son cabinet de Los Angeles pour recevoir des soins dentaires de qualit\u00e9 sup\u00e9rieure et des r\u00e9sultats exceptionnels en dentisterie cosm\u00e9tique.<\/p>\n<p>Si vous souhaitez am\u00e9liorer votre image,\u00a0<strong>Lifting cosm\u00e9tique du sourire, dentisterie non invasive,<\/strong>\u00a0et des r\u00e9sultats qui changent la vie, contactez le Dr. Anthony Mobasser. Pour en savoir plus sur le cabinet dentaire du Dr Anthony Mobasser ou sur les proc\u00e9dures qu'il propose (lire la diff\u00e9rence entre un dentiste g\u00e9n\u00e9raliste et un dentiste sp\u00e9cialiste de la chirurgie dentaire), veuillez contacter le Dr Anthony Mobasser.\u00a0<a href=\"https:\/\/celebritydentist.com\/fr\/comment-choisir-un-dentiste-cosmetique\/\">Dentiste esth\u00e9tique<\/a>), veuillez contacter notre bureau d\u00e8s aujourd'hui. Nous nous ferons un plaisir de r\u00e9pondre \u00e0 vos questions ou \u00e0 vos pr\u00e9occupations. Nous nous r\u00e9jouissons de vous rencontrer !<\/p>\n\t\t<\/div>\n\t\t\t\t\t<\/div>\n\n\t\n<\/div>\n\t\t<\/div>\n\t\t\t\t\t<\/div>\n\n\t\n<\/div>\n<p><script type=\"application\/ld+json\">{\n    \"@context\": \"http:\/\/schema.org\",\n    \"@type\": \"Review\",\n    \"itemReviewed\": {\n        \"@type\": \"Product\",\n        \"name\": \"Dr. Anthony Mobasser \u2013 Celebrity Dentist\"\n    },\n    \"reviewRating\": {\n        \"@type\": \"Rating\",\n        \"ratingValue\": \"5\",\n        \"bestRating\": \"5\",\n        \"worstRating\": \"1\"\n    },\n    \"name\": \" Dr. Anthony Mobasser \u2013 Celebrity Dentist\",\n    \"author\": {\n        \"@type\": \"Person\",\n        \"name\": \"Sherri A.\"\n    },\n    \"reviewBody\": \"I literally could not speak more highly of Dr. Mobasser. He fixed my bite and did full top and bottom veneers on me. It changed my life. I get compliments on my smile every single day. His work is absolutely perfect and unmatched by any dentist. I wouldn\u2019t trust anyone else working on my teeth after seeing how he works. His office visits aren\u2019t like any normal dentist. He only works on one patient at a time, you have his undivided attention, and he makes the experience so pleasant. His front desk and dental assistant are also the sweetest people ever.  If you need any cosmetic work done, Dr. Mobasser is the one to do it. You would be hard pressed to find a better cosmetic dentist. There is a real he\u2019s world renowned. He is, for lack of a better word, the best there is.\" },\n    \"datePublished\": \"2021-06-14\",\n    \"publisher\": {\n        \"@type\": \"Organization\",\n        \"name\": \" Dr. Anthony Mobasser \u2013 Celebrity Dentist\"\n    }\n}<\/script><\/p>","protected":false},"excerpt":{"rendered":"","protected":false},"author":4,"featured_media":30764,"parent":0,"menu_order":0,"comment_status":"closed","ping_status":"closed","template":"","meta":{"rop_custom_images_group":[],"rop_custom_messages_group":[],"rop_publish_now":"initial","rop_publish_now_accounts":{"gmb_109265489736877664202_accounts\/109265489736877664202\/locations\/14511074563117616170":""},"rop_publish_now_history":[],"rop_publish_now_status":"pending","footnotes":""},"class_list":["post-2908","page","type-page","status-publish","has-post-thumbnail","hentry"],"yoast_head":"<!-- This site is optimized with the Yoast SEO plugin v27.4 - https:\/\/yoast.com\/product\/yoast-seo-wordpress\/ -->\n<title>Celebrity Dentist in Los Angeles - About Dr. Mobasser | Cosmetic Dentist<\/title>\n<meta name=\"description\" content=\"World Renowned Celebrity Dentist Dr. Mobasser, is a flawless practitioner in the field of cosmetic dentistry. Learn how he can help you at 310-550-0383.\" \/>\n<meta name=\"robots\" content=\"index, follow, max-snippet:-1, max-image-preview:large, max-video-preview:-1\" \/>\n<link rel=\"canonical\" href=\"https:\/\/celebritydentist.com\/fr\/a-propos-du-dr-mobasser\/\" \/>\n<meta property=\"og:locale\" content=\"fr_FR\" \/>\n<meta property=\"og:type\" content=\"article\" \/>\n<meta property=\"og:title\" content=\"Celebrity Dentist in Los Angeles - About Dr. Mobasser | Cosmetic Dentist\" \/>\n<meta property=\"og:description\" content=\"World Renowned Celebrity Dentist Dr. Mobasser, is a flawless practitioner in the field of cosmetic dentistry. Learn how he can help you at 310-550-0383.\" \/>\n<meta property=\"og:url\" content=\"https:\/\/celebritydentist.com\/fr\/a-propos-du-dr-mobasser\/\" \/>\n<meta property=\"og:site_name\" content=\"Cosmetic Dentist Los Angeles - Dr. Anthony Mobasser\" \/>\n<meta property=\"article:publisher\" content=\"https:\/\/www.facebook.com\/celebritydentistla\" \/>\n<meta property=\"article:modified_time\" content=\"2023-02-03T17:07:09+00:00\" \/>\n<meta property=\"og:image\" content=\"https:\/\/celebritydentist.com\/wp-content\/uploads\/2019\/06\/best-cosmetic-dentist-in-the-world-e1561162707155.jpg\" \/>\n\t<meta property=\"og:image:width\" content=\"800\" \/>\n\t<meta property=\"og:image:height\" content=\"528\" \/>\n\t<meta property=\"og:image:type\" content=\"image\/jpeg\" \/>\n<meta name=\"twitter:card\" content=\"summary_large_image\" \/>\n<meta name=\"twitter:site\" content=\"@DrMobasser\" \/>\n<meta name=\"twitter:label1\" content=\"Dur\u00e9e de lecture estim\u00e9e\" \/>\n\t<meta name=\"twitter:data1\" content=\"4 minutes\" \/>\n<script type=\"application\/ld+json\" class=\"yoast-schema-graph\">{\"@context\":\"https:\\\/\\\/schema.org\",\"@graph\":[{\"@type\":\"WebPage\",\"@id\":\"https:\\\/\\\/celebritydentist.com\\\/about-dr-mobasser\\\/\",\"url\":\"https:\\\/\\\/celebritydentist.com\\\/about-dr-mobasser\\\/\",\"name\":\"Celebrity Dentist in Los Angeles - About Dr. Mobasser | Cosmetic Dentist\",\"isPartOf\":{\"@id\":\"https:\\\/\\\/celebritydentist.com\\\/#website\"},\"primaryImageOfPage\":{\"@id\":\"https:\\\/\\\/celebritydentist.com\\\/about-dr-mobasser\\\/#primaryimage\"},\"image\":{\"@id\":\"https:\\\/\\\/celebritydentist.com\\\/about-dr-mobasser\\\/#primaryimage\"},\"thumbnailUrl\":\"https:\\\/\\\/celebritydentist.com\\\/wp-content\\\/uploads\\\/2019\\\/06\\\/best-cosmetic-dentist-in-the-world-e1561162707155.jpg\",\"datePublished\":\"2021-09-14T02:37:53+00:00\",\"dateModified\":\"2023-02-03T17:07:09+00:00\",\"description\":\"World Renowned Celebrity Dentist Dr. Mobasser, is a flawless practitioner in the field of cosmetic dentistry. Learn how he can help you at 310-550-0383.\",\"breadcrumb\":{\"@id\":\"https:\\\/\\\/celebritydentist.com\\\/about-dr-mobasser\\\/#breadcrumb\"},\"inLanguage\":\"fr-FR\",\"potentialAction\":[{\"@type\":\"ReadAction\",\"target\":[\"https:\\\/\\\/celebritydentist.com\\\/about-dr-mobasser\\\/\"]}]},{\"@type\":\"ImageObject\",\"inLanguage\":\"fr-FR\",\"@id\":\"https:\\\/\\\/celebritydentist.com\\\/about-dr-mobasser\\\/#primaryimage\",\"url\":\"https:\\\/\\\/celebritydentist.com\\\/wp-content\\\/uploads\\\/2019\\\/06\\\/best-cosmetic-dentist-in-the-world-e1561162707155.jpg\",\"contentUrl\":\"https:\\\/\\\/celebritydentist.com\\\/wp-content\\\/uploads\\\/2019\\\/06\\\/best-cosmetic-dentist-in-the-world-e1561162707155.jpg\",\"width\":800,\"height\":528,\"caption\":\"celebrity dentist\"},{\"@type\":\"BreadcrumbList\",\"@id\":\"https:\\\/\\\/celebritydentist.com\\\/about-dr-mobasser\\\/#breadcrumb\",\"itemListElement\":[{\"@type\":\"ListItem\",\"position\":1,\"name\":\"Home\",\"item\":\"https:\\\/\\\/celebritydentist.com\\\/\"},{\"@type\":\"ListItem\",\"position\":2,\"name\":\"About Dr. Mobasser\"}]},{\"@type\":\"WebSite\",\"@id\":\"https:\\\/\\\/celebritydentist.com\\\/#website\",\"url\":\"https:\\\/\\\/celebritydentist.com\\\/\",\"name\":\"Cosmetic Dentist in Los Angeles - Dr. Anthony Mobasser\",\"description\":\"Best Cosmetic Dentist in Los Angeles\",\"publisher\":{\"@id\":\"https:\\\/\\\/celebritydentist.com\\\/#organization\"},\"alternateName\":\"Dr. Anthony Mobasser - Celebrity Dentist\",\"potentialAction\":[{\"@type\":\"SearchAction\",\"target\":{\"@type\":\"EntryPoint\",\"urlTemplate\":\"https:\\\/\\\/celebritydentist.com\\\/?s={search_term_string}\"},\"query-input\":{\"@type\":\"PropertyValueSpecification\",\"valueRequired\":true,\"valueName\":\"search_term_string\"}}],\"inLanguage\":\"fr-FR\"},{\"@type\":\"Organization\",\"@id\":\"https:\\\/\\\/celebritydentist.com\\\/#organization\",\"name\":\"Dr. Anthony Mobasser - Celebrity Dentist\",\"url\":\"https:\\\/\\\/celebritydentist.com\\\/\",\"logo\":{\"@type\":\"ImageObject\",\"inLanguage\":\"fr-FR\",\"@id\":\"https:\\\/\\\/celebritydentist.com\\\/#\\\/schema\\\/logo\\\/image\\\/\",\"url\":\"https:\\\/\\\/celebritydentist.com\\\/wp-content\\\/uploads\\\/2020\\\/03\\\/logo.png\",\"contentUrl\":\"https:\\\/\\\/celebritydentist.com\\\/wp-content\\\/uploads\\\/2020\\\/03\\\/logo.png\",\"width\":312,\"height\":148,\"caption\":\"Dr. Anthony Mobasser - Celebrity Dentist\"},\"image\":{\"@id\":\"https:\\\/\\\/celebritydentist.com\\\/#\\\/schema\\\/logo\\\/image\\\/\"},\"sameAs\":[\"https:\\\/\\\/www.facebook.com\\\/celebritydentistla\",\"https:\\\/\\\/x.com\\\/DrMobasser\",\"https:\\\/\\\/www.youtube.com\\\/c\\\/dranthonymobasser\"]}]}<\/script>\n<!-- \/ Yoast SEO plugin. -->","yoast_head_json":{"title":"Dentiste de renom \u00e0 Los Angeles - A propos du Dr Mobasser | Dentiste esth\u00e9tique","description":"Le Dr Mobasser, dentiste de renomm\u00e9e mondiale, est un praticien irr\u00e9prochable dans le domaine de la dentisterie esth\u00e9tique. D\u00e9couvrez comment il peut vous aider au 310-550-0383.","robots":{"index":"index","follow":"follow","max-snippet":"max-snippet:-1","max-image-preview":"max-image-preview:large","max-video-preview":"max-video-preview:-1"},"canonical":"https:\/\/celebritydentist.com\/fr\/a-propos-du-dr-mobasser\/","og_locale":"fr_FR","og_type":"article","og_title":"Celebrity Dentist in Los Angeles - About Dr. Mobasser | Cosmetic Dentist","og_description":"World Renowned Celebrity Dentist Dr. Mobasser, is a flawless practitioner in the field of cosmetic dentistry. Learn how he can help you at 310-550-0383.","og_url":"https:\/\/celebritydentist.com\/fr\/a-propos-du-dr-mobasser\/","og_site_name":"Cosmetic Dentist Los Angeles - Dr. Anthony Mobasser","article_publisher":"https:\/\/www.facebook.com\/celebritydentistla","article_modified_time":"2023-02-03T17:07:09+00:00","og_image":[{"width":800,"height":528,"url":"https:\/\/celebritydentist.com\/wp-content\/uploads\/2019\/06\/best-cosmetic-dentist-in-the-world-e1561162707155.jpg","type":"image\/jpeg"}],"twitter_card":"summary_large_image","twitter_site":"@DrMobasser","twitter_misc":{"Dur\u00e9e de lecture estim\u00e9e":"4 minutes"},"schema":{"@context":"https:\/\/schema.org","@graph":[{"@type":"WebPage","@id":"https:\/\/celebritydentist.com\/about-dr-mobasser\/","url":"https:\/\/celebritydentist.com\/about-dr-mobasser\/","name":"Dentiste de renom \u00e0 Los Angeles - A propos du Dr Mobasser | Dentiste esth\u00e9tique","isPartOf":{"@id":"https:\/\/celebritydentist.com\/#website"},"primaryImageOfPage":{"@id":"https:\/\/celebritydentist.com\/about-dr-mobasser\/#primaryimage"},"image":{"@id":"https:\/\/celebritydentist.com\/about-dr-mobasser\/#primaryimage"},"thumbnailUrl":"https:\/\/celebritydentist.com\/wp-content\/uploads\/2019\/06\/best-cosmetic-dentist-in-the-world-e1561162707155.jpg","datePublished":"2021-09-14T02:37:53+00:00","dateModified":"2023-02-03T17:07:09+00:00","description":"Le Dr Mobasser, dentiste de renomm\u00e9e mondiale, est un praticien irr\u00e9prochable dans le domaine de la dentisterie esth\u00e9tique. D\u00e9couvrez comment il peut vous aider au 310-550-0383.","breadcrumb":{"@id":"https:\/\/celebritydentist.com\/about-dr-mobasser\/#breadcrumb"},"inLanguage":"fr-FR","potentialAction":[{"@type":"ReadAction","target":["https:\/\/celebritydentist.com\/about-dr-mobasser\/"]}]},{"@type":"ImageObject","inLanguage":"fr-FR","@id":"https:\/\/celebritydentist.com\/about-dr-mobasser\/#primaryimage","url":"https:\/\/celebritydentist.com\/wp-content\/uploads\/2019\/06\/best-cosmetic-dentist-in-the-world-e1561162707155.jpg","contentUrl":"https:\/\/celebritydentist.com\/wp-content\/uploads\/2019\/06\/best-cosmetic-dentist-in-the-world-e1561162707155.jpg","width":800,"height":528,"caption":"celebrity dentist"},{"@type":"BreadcrumbList","@id":"https:\/\/celebritydentist.com\/about-dr-mobasser\/#breadcrumb","itemListElement":[{"@type":"ListItem","position":1,"name":"Home","item":"https:\/\/celebritydentist.com\/"},{"@type":"ListItem","position":2,"name":"About Dr. Mobasser"}]},{"@type":"WebSite","@id":"https:\/\/celebritydentist.com\/#website","url":"https:\/\/celebritydentist.com\/","name":"Dentiste esth\u00e9tique \u00e0 Los Angeles - Dr. Anthony Mobasser","description":"Meilleur dentiste esth\u00e9tique \u00e0 Los Angeles","publisher":{"@id":"https:\/\/celebritydentist.com\/#organization"},"alternateName":"Dr. Anthony Mobasser - Celebrity Dentist","potentialAction":[{"@type":"SearchAction","target":{"@type":"EntryPoint","urlTemplate":"https:\/\/celebritydentist.com\/?s={search_term_string}"},"query-input":{"@type":"PropertyValueSpecification","valueRequired":true,"valueName":"search_term_string"}}],"inLanguage":"fr-FR"},{"@type":"Organization","@id":"https:\/\/celebritydentist.com\/#organization","name":"Dr. Anthony Mobasser - Dentiste de renom","url":"https:\/\/celebritydentist.com\/","logo":{"@type":"ImageObject","inLanguage":"fr-FR","@id":"https:\/\/celebritydentist.com\/#\/schema\/logo\/image\/","url":"https:\/\/celebritydentist.com\/wp-content\/uploads\/2020\/03\/logo.png","contentUrl":"https:\/\/celebritydentist.com\/wp-content\/uploads\/2020\/03\/logo.png","width":312,"height":148,"caption":"Dr. Anthony Mobasser - Celebrity Dentist"},"image":{"@id":"https:\/\/celebritydentist.com\/#\/schema\/logo\/image\/"},"sameAs":["https:\/\/www.facebook.com\/celebritydentistla","https:\/\/x.com\/DrMobasser","https:\/\/www.youtube.com\/c\/dranthonymobasser"]}]}},"_links":{"self":[{"href":"https:\/\/celebritydentist.com\/fr\/wp-json\/wp\/v2\/pages\/2908","targetHints":{"allow":["GET"]}}],"collection":[{"href":"https:\/\/celebritydentist.com\/fr\/wp-json\/wp\/v2\/pages"}],"about":[{"href":"https:\/\/celebritydentist.com\/fr\/wp-json\/wp\/v2\/types\/page"}],"author":[{"embeddable":true,"href":"https:\/\/celebritydentist.com\/fr\/wp-json\/wp\/v2\/users\/4"}],"replies":[{"embeddable":true,"href":"https:\/\/celebritydentist.com\/fr\/wp-json\/wp\/v2\/comments?post=2908"}],"version-history":[{"count":0,"href":"https:\/\/celebritydentist.com\/fr\/wp-json\/wp\/v2\/pages\/2908\/revisions"}],"wp:featuredmedia":[{"embeddable":true,"href":"https:\/\/celebritydentist.com\/fr\/wp-json\/wp\/v2\/media\/30764"}],"wp:attachment":[{"href":"https:\/\/celebritydentist.com\/fr\/wp-json\/wp\/v2\/media?parent=2908"}],"curies":[{"name":"wp","href":"https:\/\/api.w.org\/{rel}","templated":true}]}}