{"id":92045,"date":"2024-08-22T09:48:15","date_gmt":"2024-08-22T13:48:15","guid":{"rendered":"https:\/\/celebritydentist.com\/?page_id=92045"},"modified":"2024-12-13T16:24:42","modified_gmt":"2024-12-13T21:24:42","slug":"servicios","status":"publish","type":"page","link":"https:\/\/celebritydentist.com\/es\/services\/","title":{"rendered":"Servicios"},"content":{"rendered":"<section class=\"section dark has-parallax\" id=\"section_1141074437\">\n\t\t<div class=\"bg section-bg fill bg-fill\" data-parallax-container=\".section\" data-parallax-background data-parallax=\"-5\">\n\n\t\t\t\n\t\t\t<div class=\"section-bg-overlay absolute fill\"><\/div>\n\t\t\t\n\n\t\t<\/div>\n\n\t\t\n\n\t\t<div class=\"section-content relative\">\n\t\t\t\n\t<div id=\"gap-34112877\" class=\"gap-element clearfix\" style=\"display:block; height:auto;\">\n\t\t\n<style>\n#gap-34112877 {\n  padding-top: 30px;\n}\n<\/style>\n\t<\/div>\n\t\n<h2 class=\"uppercase\" style=\"text-align: center;\"><span style=\"font-size: 120%;\"><a href=\"https:\/\/celebritydentist.com\/es\/odontologia-cosmetica-los-angeles\/\">Odontolog\u00eda est\u00e9tica<\/a> Servicios<\/span><\/h2>\n<div class=\"row row-large\"  id=\"row-1022734566\">\n\n\t<div id=\"col-888077443\" class=\"col medium-12 small-12 large-12\"  >\n\t\t\t\t<div class=\"col-inner text-center\"  >\n\t\t\t\n\t\t\t\n<div class=\"text-center\"><div class=\"is-divider divider clearfix\" style=\"max-width:2000px;height:1px;\"><\/div><\/div>\n<div class=\"row row-small align-center\"  id=\"row-854318872\">\n\n\t<div id=\"col-843753422\" class=\"col medium-12 small-12 large-4\"  >\n\t\t\t\t<div class=\"col-inner text-center text-shadow-5\"  >\n\t\t\t\n\t\t\t\n<ul>\n<li class=\"bullet-arrow\"><a href=\"https:\/\/celebritydentist.com\/es\/dentista-cosmetico-en-los-angeles\/\"><span style=\"font-size: 130%;\"><b>Odontolog\u00eda est\u00e9tica<\/b><\/span><\/a><\/li>\n<li class=\"bullet-arrow\"><a href=\"https:\/\/celebritydentist.com\/es\/carillas-de-porcelana\/\"><strong><span style=\"font-size: 130%;\">Carillas de porcelana<\/span><\/strong><\/a><\/li>\n<li class=\"bullet-arrow\"><a href=\"https:\/\/celebritydentist.com\/es\/puentes-dentales\/\"><strong><span style=\"font-size: 130%;\">Puentes dentales<\/span><\/strong><\/a><\/li>\n<li class=\"bullet-arrow\"><a href=\"https:\/\/celebritydentist.com\/es\/implantes-dentales-3\/\"><span style=\"font-size: 130%;\"><b>Implantes dentales<\/b><\/span><\/a><\/li>\n<li class=\"bullet-arrow\"><a href=\"https:\/\/celebritydentist.com\/es\/sedacion-dental\/\"><strong><span style=\"font-size: 130%;\">Odontolog\u00eda bajo sedaci\u00f3n<\/span><\/strong><\/a><\/li>\n<li class=\"bullet-arrow\"><a href=\"https:\/\/celebritydentist.com\/es\/blanqueamiento-dental\/\"><strong><span style=\"font-size: 130%;\">Blanqueamiento dental<\/span><\/strong><\/a><\/li>\n<li class=\"bullet-arrow\"><a href=\"https:\/\/celebritydentist.com\/es\/dentista-holistico-en-los-angeles\/\"><strong><span style=\"font-size: 130%;\">Odontolog\u00eda hol\u00edstica<\/span><\/strong><\/a><\/li>\n<\/ul>\n\t\t<\/div>\n\t\t\t\t\t<\/div>\n\n\t\n\n\t<div id=\"col-1337194828\" class=\"col medium-12 small-12 large-4\"  >\n\t\t\t\t<div class=\"col-inner text-shadow-5\"  >\n\t\t\t\n\t\t\t\n<ul>\n<li class=\"bullet-arrow\"><a href=\"https:\/\/celebritydentist.com\/es\/reconstruccion-bucal-completa\/\"><span style=\"font-size: 130%;\"><b>Reconstrucci\u00f3n bucal completa<\/b><\/span><\/a><\/li>\n<li class=\"bullet-arrow\"><a href=\"https:\/\/celebritydentist.com\/es\/sonrisas-de-famosos\/\"><strong><span style=\"font-size: 130%;\">Sonrisas de famosos<\/span><\/strong><\/a><\/li>\n<li class=\"bullet-arrow\"><a href=\"https:\/\/celebritydentist.com\/es\/cambio-de-sonrisa-2\/\"><strong><span style=\"font-size: 130%;\">Cambios de sonrisa<\/span><\/strong><\/a><\/li>\n<li class=\"bullet-arrow\"><a href=\"https:\/\/celebritydentist.com\/es\/que-son-emax-veneers-y-emax-lumineers\/\"><span style=\"font-size: 130%;\"><b>Carillas Emax<\/b><\/span><\/a><\/li>\n<li class=\"bullet-arrow\"><a href=\"https:\/\/celebritydentist.com\/es\/halitosis-mal-aliento\/\"><strong><span style=\"font-size: 130%;\">Halitosis (mal aliento)<\/span><\/strong><\/a><\/li>\n<li class=\"bullet-arrow\"><a href=\"https:\/\/celebritydentist.com\/es\/sonrisa-instantanea\/\"><strong><span style=\"font-size: 130%;\">Sonrisas Snap-On<\/span><\/strong><\/a><\/li>\n<li class=\"bullet-arrow\"><a href=\"https:\/\/celebritydentist.com\/es\/tratamiento-tmj\/\"><strong><span style=\"font-size: 130%;\">Tratamiento de la ATM<\/span><\/strong><\/a><\/li>\n<\/ul>\n\t\t<\/div>\n\t\t\t\t\t<\/div>\n\n\t\n\n\t<div id=\"col-2036799007\" class=\"col medium-12 small-12 large-4\"  >\n\t\t\t\t<div class=\"col-inner text-shadow-5\"  >\n\t\t\t\n\t\t\t\n<ul>\n<li class=\"bullet-arrow\"><a href=\"https:\/\/celebritydentist.com\/es\/coronas-de-porcelana\/\"><span style=\"font-size: 130%;\"><b>Coronas de porcelana<\/b><\/span><\/a><\/li>\n<li class=\"bullet-arrow\"><a href=\"https:\/\/celebritydentist.com\/es\/enfermedad-periodontal\/\"><span style=\"font-size: 130%;\"><b>Enfermedad periodontal<\/b><\/span><\/a><\/li>\n<li class=\"bullet-arrow\"><a href=\"https:\/\/celebritydentist.com\/es\/carillas-de-circonio\/\"><strong><span style=\"font-size: 130%;\">Carillas de circonio<\/span><\/strong><\/a><\/li>\n<li class=\"bullet-arrow\"><a href=\"https:\/\/celebritydentist.com\/es\/por-que-es-necesario-un-examen-bucal-completo-antes-de-preguntar-el-precio\/\"><strong><span style=\"font-size: 130%;\">Evaluaciones de toda la boca<\/span><\/strong><\/a><\/li>\n<li class=\"bullet-arrow\"><a href=\"https:\/\/celebritydentist.com\/es\/lumineers-vs-carillas-de-porcelana\/\"><span style=\"font-size: 130%;\"><b>Lumineers<\/b><\/span><\/a><\/li>\n<li class=\"bullet-arrow\"><a href=\"https:\/\/celebritydentist.com\/es\/apnea-del-sueno-ronquidos-el-dentista-puede-ayudar\/\"><strong><span style=\"font-size: 130%;\">Tratamiento de la apnea del sue\u00f1o<\/span><\/strong><\/a><\/li>\n<li class=\"bullet-arrow\"><a href=\"https:\/\/celebritydentist.com\/es\/dental-bonding\/\"><strong><span style=\"font-size: 130%;\">Adhesi\u00f3n dental<\/span><\/strong><\/a><\/li>\n<\/ul>\n\t\t<\/div>\n\t\t\t\t\t<\/div>\n\n\t\n<\/div>\n\t\t<\/div>\n\t\t\t\t\t<\/div>\n\n\t\n<\/div>\n\t\t<\/div>\n\n\t\t\n<style>\n#section_1141074437 {\n  padding-top: 30px;\n  padding-bottom: 30px;\n  background-color: #011873;\n}\n#section_1141074437 .section-bg-overlay {\n  background-color: rgba(1, 35, 177, 0.85);\n}\n#section_1141074437 .section-bg.bg-loaded {\n  background-image: url(https:\/\/celebritydentist.com\/wp-content\/uploads\/2021\/09\/Dr.-Anthony-Mobasser-Los-Angeles-Cosmetic-Dentist-Skyline-scaled.jpeg);\n}\n#section_1141074437 .section-bg {\n  background-position: bottom;\n}\n@media (min-width:550px) {\n  #section_1141074437 {\n    padding-top: 30px;\n    padding-bottom: 30px;\n  }\n}\n<\/style>\n\t<\/section>\n\t\n\t<section class=\"section\" id=\"section_2118079690\">\n\t\t<div class=\"bg section-bg fill bg-fill  bg-loaded\" >\n\n\t\t\t\n\t\t\t\n\t\t\t\n\n\t\t<\/div>\n\n\t\t\n\n\t\t<div class=\"section-content relative\">\n\t\t\t\n\t<div id=\"gap-301694499\" class=\"gap-element clearfix\" style=\"display:block; height:auto;\">\n\t\t\n<style>\n#gap-301694499 {\n  padding-top: 0px;\n}\n@media (min-width:850px) {\n  #gap-301694499 {\n    padding-top: 0px;\n  }\n}\n<\/style>\n\t<\/div>\n\t\n\t\t<\/div>\n\n\t\t\n<style>\n#section_2118079690 {\n  padding-top: 0px;\n  padding-bottom: 0px;\n}\n@media (min-width:850px) {\n  #section_2118079690 {\n    padding-top: 0px;\n    padding-bottom: 0px;\n  }\n}\n<\/style>\n\t<\/section>\n\t\n<div class=\"row row-small align-middle align-center\"  id=\"row-823651771\">\n\n\t<div id=\"col-1712464249\" class=\"col medium-10 small-12 large-10\"  >\n\t\t\t\t<div class=\"col-inner text-center\"  >\n\t\t\t\n\t\t\t\n<div class=\"container section-title-container\" ><h2 class=\"section-title section-title-center\"><b><\/b><span class=\"section-title-main\" style=\"font-size:130%;\">FINANCIACI\u00d3N DISPONIBLE<\/span><b><\/b><\/h2><\/div>\n\t<div id=\"text-3860654664\" class=\"text\">\n\t\t\n<p>El Dr. Anthony Mobasser cree que todo el mundo merece tener acceso a un cuidado dental cosm\u00e9tico de alta calidad. Es por eso que ofrece una variedad de opciones de financiaci\u00f3n dise\u00f1adas para adaptarse a cualquier presupuesto, asegurando que los pacientes que desean la mejor odontolog\u00eda pueden recibir la atenci\u00f3n que necesitan de inmediato.<\/p>\n\t\t\n<style>\n#text-3860654664 {\n  font-size: 1.3rem;\n}\n<\/style>\n\t<\/div>\n\t\n\t\t<\/div>\n\t\t\t\t\t<\/div>\n\n\t\n<\/div>\n<div class=\"row row-collapse align-middle align-center\" style=\"max-width:1500px\" id=\"row-504784282\">\n\n\t<div id=\"col-981831887\" class=\"col medium-2 small-6 large-2\"  >\n\t\t\t\t<div class=\"col-inner\"  >\n\t\t\t\n\t\t\t\n\t<div class=\"img has-hover x md-x lg-x y md-y lg-y\" id=\"image_1375405125\">\n\t\t<a class=\"\" href=\"https:\/\/pay.withcherry.com\/dr-anthony-mobasser-celebrity-dentist\" target=\"_blank\" rel=\"noopener\" >\t\t\t\t\t\t<div class=\"img-inner dark\" >\n\t\t\t<img loading=\"lazy\" decoding=\"async\" width=\"300\" height=\"84\" src=\"https:\/\/celebritydentist.com\/wp-content\/uploads\/2024\/05\/Cherry-Financing.webp\" class=\"attachment-original size-original\" alt=\"\" srcset=\"https:\/\/celebritydentist.com\/wp-content\/uploads\/2024\/05\/Cherry-Financing.webp 300w, https:\/\/celebritydentist.com\/wp-content\/uploads\/2024\/05\/Cherry-Financing-18x5.webp 18w\" sizes=\"auto, (max-width: 300px) 100vw, 300px\" \/>\t\t\t\t\t\t\n\t\t\t\t\t<\/div>\n\t\t\t\t\t\t<\/a>\t\t\n<style>\n#image_1375405125 {\n  width: 100%;\n}\n<\/style>\n\t<\/div>\n\t\n\t\t<\/div>\n\t\t\t\t\t<\/div>\n\n\t\n\n\t<div id=\"col-426801878\" class=\"col medium-3 small-6 large-3\"  >\n\t\t\t\t<div class=\"col-inner\"  >\n\t\t\t\n\t\t\t\n\t<div class=\"img has-hover x md-x lg-x y md-y lg-y\" id=\"image_428847809\">\n\t\t<a class=\"\" href=\"https:\/\/www.carecredit.com\/go\/826DCB\/\" target=\"_blank\" rel=\"noopener\" >\t\t\t\t\t\t<div class=\"img-inner dark\" >\n\t\t\t<img loading=\"lazy\" decoding=\"async\" width=\"400\" height=\"150\" src=\"https:\/\/celebritydentist.com\/wp-content\/uploads\/2024\/03\/carecredit-1.png\" class=\"attachment-original size-original\" alt=\"\" srcset=\"https:\/\/celebritydentist.com\/wp-content\/uploads\/2024\/03\/carecredit-1.png 400w, https:\/\/celebritydentist.com\/wp-content\/uploads\/2024\/03\/carecredit-1-18x7.png 18w\" sizes=\"auto, (max-width: 400px) 100vw, 400px\" \/>\t\t\t\t\t\t\n\t\t\t\t\t<\/div>\n\t\t\t\t\t\t<\/a>\t\t\n<style>\n#image_428847809 {\n  width: 100%;\n}\n<\/style>\n\t<\/div>\n\t\n\t\t<\/div>\n\t\t\t\t\t<\/div>\n\n\t\n\n\t<div id=\"col-363521663\" class=\"col medium-3 small-6 large-3\"  >\n\t\t\t\t<div class=\"col-inner\"  >\n\t\t\t\n\t\t\t\n\t<div class=\"img has-hover x md-x lg-x y md-y lg-y\" id=\"image_865993035\">\n\t\t<a class=\"\" href=\"https:\/\/www.lendingclub.com\/patientsolutions\/app\/check-your-rate?user=applicant&clientid=339444\" target=\"_blank\" rel=\"noopener\" >\t\t\t\t\t\t<div class=\"img-inner dark\" >\n\t\t\t<img loading=\"lazy\" decoding=\"async\" width=\"400\" height=\"150\" src=\"https:\/\/celebritydentist.com\/wp-content\/uploads\/2024\/03\/lending_club_logo.png\" class=\"attachment-original size-original\" alt=\"\" srcset=\"https:\/\/celebritydentist.com\/wp-content\/uploads\/2024\/03\/lending_club_logo.png 400w, https:\/\/celebritydentist.com\/wp-content\/uploads\/2024\/03\/lending_club_logo-18x7.png 18w\" sizes=\"auto, (max-width: 400px) 100vw, 400px\" \/>\t\t\t\t\t\t\n\t\t\t\t\t<\/div>\n\t\t\t\t\t\t<\/a>\t\t\n<style>\n#image_865993035 {\n  width: 100%;\n}\n<\/style>\n\t<\/div>\n\t\n\t\t<\/div>\n\t\t\t\t\t<\/div>\n\n\t\n\n\t<div id=\"col-1205351444\" class=\"col medium-2 small-6 large-2\"  >\n\t\t\t\t<div class=\"col-inner\"  >\n\t\t\t\n\t\t\t\n\t<div class=\"img has-hover x md-x lg-x y md-y lg-y\" id=\"image_703198869\">\n\t\t<a class=\"\" href=\"https:\/\/go.alphaeoncredit.com\/practice-application\/90111\" target=\"_blank\" rel=\"noopener\" >\t\t\t\t\t\t<div class=\"img-inner dark\" >\n\t\t\t<img loading=\"lazy\" decoding=\"async\" width=\"463\" height=\"150\" src=\"https:\/\/celebritydentist.com\/wp-content\/uploads\/2024\/03\/1593118032-alphaeon-logo.png\" class=\"attachment-original size-original\" alt=\"\" srcset=\"https:\/\/celebritydentist.com\/wp-content\/uploads\/2024\/03\/1593118032-alphaeon-logo.png 463w, https:\/\/celebritydentist.com\/wp-content\/uploads\/2024\/03\/1593118032-alphaeon-logo-18x6.png 18w\" sizes=\"auto, (max-width: 463px) 100vw, 463px\" \/>\t\t\t\t\t\t\n\t\t\t\t\t<\/div>\n\t\t\t\t\t\t<\/a>\t\t\n<style>\n#image_703198869 {\n  width: 100%;\n}\n<\/style>\n\t<\/div>\n\t\n\t\t<\/div>\n\t\t\t\t\t<\/div>\n\n\t\n\n\t<div id=\"col-1381759515\" class=\"col medium-2 small-6 large-2\"  >\n\t\t\t\t<div class=\"col-inner\"  >\n\t\t\t\n\t\t\t\n\t<div class=\"img has-hover x md-x lg-x y md-y lg-y\" id=\"image_1789105064\">\n\t\t<a class=\"\" href=\"https:\/\/www.proceedfinance.com\/application\/create?referrer=26356-9521-FE3E\" target=\"_blank\" rel=\"noopener\" >\t\t\t\t\t\t<div class=\"img-inner dark\" >\n\t\t\t<img loading=\"lazy\" decoding=\"async\" width=\"1024\" height=\"200\" src=\"https:\/\/celebritydentist.com\/wp-content\/uploads\/2024\/07\/proceed-finanace-logo.png\" class=\"attachment-original size-original\" alt=\"\" srcset=\"https:\/\/celebritydentist.com\/wp-content\/uploads\/2024\/07\/proceed-finanace-logo.png 1024w, https:\/\/celebritydentist.com\/wp-content\/uploads\/2024\/07\/proceed-finanace-logo-800x156.png 800w, https:\/\/celebritydentist.com\/wp-content\/uploads\/2024\/07\/proceed-finanace-logo-768x150.png 768w, https:\/\/celebritydentist.com\/wp-content\/uploads\/2024\/07\/proceed-finanace-logo-18x4.png 18w\" sizes=\"auto, (max-width: 1024px) 100vw, 1024px\" \/>\t\t\t\t\t\t\n\t\t\t\t\t<\/div>\n\t\t\t\t\t\t<\/a>\t\t\n<style>\n#image_1789105064 {\n  width: 100%;\n}\n<\/style>\n\t<\/div>\n\t\n\t\t<\/div>\n\t\t\t\t\t<\/div>\n\n\t\n<\/div>","protected":false},"excerpt":{"rendered":"","protected":false},"author":4,"featured_media":79354,"parent":0,"menu_order":0,"comment_status":"closed","ping_status":"closed","template":"page-blank.php","meta":{"rop_custom_images_group":[],"rop_custom_messages_group":[],"rop_publish_now":"initial","rop_publish_now_accounts":{"gmb_109265489736877664202_accounts\/109265489736877664202\/locations\/14511074563117616170":""},"rop_publish_now_history":[],"rop_publish_now_status":"pending","footnotes":""},"class_list":["post-92045","page","type-page","status-publish","has-post-thumbnail","hentry"],"yoast_head":"<!-- This site is optimized with the Yoast SEO plugin v27.3 - https:\/\/yoast.com\/product\/yoast-seo-wordpress\/ -->\n<title>Services | Dr. Anthony Mobasser - Celebrity Dentist in Los Angeles<\/title>\n<meta name=\"description\" content=\"Learn about the services provided by Dr. Anthony Mobasser - Celebrity Dentist to clientele in Los Angeles, Beverly Hills, and beyond.\" \/>\n<meta name=\"robots\" content=\"index, follow, max-snippet:-1, max-image-preview:large, max-video-preview:-1\" \/>\n<link rel=\"canonical\" href=\"https:\/\/celebritydentist.com\/es\/servicios\/\" \/>\n<meta property=\"og:locale\" content=\"es_MX\" \/>\n<meta property=\"og:type\" content=\"article\" \/>\n<meta property=\"og:title\" content=\"Services | Dr. Anthony Mobasser - Celebrity Dentist in Los Angeles\" \/>\n<meta property=\"og:description\" content=\"Learn about the services provided by Dr. Anthony Mobasser - Celebrity Dentist to clientele in Los Angeles, Beverly Hills, and beyond.\" \/>\n<meta property=\"og:url\" content=\"https:\/\/celebritydentist.com\/es\/servicios\/\" \/>\n<meta property=\"og:site_name\" content=\"Cosmetic Dentist Los Angeles - Dr. Anthony Mobasser\" \/>\n<meta property=\"article:publisher\" content=\"https:\/\/www.facebook.com\/celebritydentistla\" \/>\n<meta property=\"article:modified_time\" content=\"2024-12-13T21:24:42+00:00\" \/>\n<meta property=\"og:image\" content=\"https:\/\/celebritydentist.com\/wp-content\/uploads\/2024\/05\/Anthony-Mobasser-DMD-West-Hollywood-Cosmetic-Dentist.jpg\" \/>\n\t<meta property=\"og:image:width\" content=\"687\" \/>\n\t<meta property=\"og:image:height\" content=\"565\" \/>\n\t<meta property=\"og:image:type\" content=\"image\/jpeg\" \/>\n<meta name=\"twitter:card\" content=\"summary_large_image\" \/>\n<meta name=\"twitter:site\" content=\"@DrMobasser\" \/>\n<meta name=\"twitter:label1\" content=\"Tiempo de lectura\" \/>\n\t<meta name=\"twitter:data1\" content=\"13 minutos\" \/>\n<script type=\"application\/ld+json\" class=\"yoast-schema-graph\">{\"@context\":\"https:\\\/\\\/schema.org\",\"@graph\":[{\"@type\":\"WebPage\",\"@id\":\"https:\\\/\\\/celebritydentist.com\\\/services\\\/\",\"url\":\"https:\\\/\\\/celebritydentist.com\\\/services\\\/\",\"name\":\"Services | Dr. Anthony Mobasser - Celebrity Dentist in Los Angeles\",\"isPartOf\":{\"@id\":\"https:\\\/\\\/celebritydentist.com\\\/#website\"},\"primaryImageOfPage\":{\"@id\":\"https:\\\/\\\/celebritydentist.com\\\/services\\\/#primaryimage\"},\"image\":{\"@id\":\"https:\\\/\\\/celebritydentist.com\\\/services\\\/#primaryimage\"},\"thumbnailUrl\":\"https:\\\/\\\/celebritydentist.com\\\/wp-content\\\/uploads\\\/2024\\\/05\\\/Anthony-Mobasser-DMD-West-Hollywood-Cosmetic-Dentist.jpg\",\"datePublished\":\"2024-08-22T13:48:15+00:00\",\"dateModified\":\"2024-12-13T21:24:42+00:00\",\"description\":\"Learn about the services provided by Dr. Anthony Mobasser - Celebrity Dentist to clientele in Los Angeles, Beverly Hills, and beyond.\",\"breadcrumb\":{\"@id\":\"https:\\\/\\\/celebritydentist.com\\\/services\\\/#breadcrumb\"},\"inLanguage\":\"es\",\"potentialAction\":[{\"@type\":\"ReadAction\",\"target\":[\"https:\\\/\\\/celebritydentist.com\\\/services\\\/\"]}]},{\"@type\":\"ImageObject\",\"inLanguage\":\"es\",\"@id\":\"https:\\\/\\\/celebritydentist.com\\\/services\\\/#primaryimage\",\"url\":\"https:\\\/\\\/celebritydentist.com\\\/wp-content\\\/uploads\\\/2024\\\/05\\\/Anthony-Mobasser-DMD-West-Hollywood-Cosmetic-Dentist.jpg\",\"contentUrl\":\"https:\\\/\\\/celebritydentist.com\\\/wp-content\\\/uploads\\\/2024\\\/05\\\/Anthony-Mobasser-DMD-West-Hollywood-Cosmetic-Dentist.jpg\",\"width\":687,\"height\":565},{\"@type\":\"BreadcrumbList\",\"@id\":\"https:\\\/\\\/celebritydentist.com\\\/services\\\/#breadcrumb\",\"itemListElement\":[{\"@type\":\"ListItem\",\"position\":1,\"name\":\"Home\",\"item\":\"https:\\\/\\\/celebritydentist.com\\\/\"},{\"@type\":\"ListItem\",\"position\":2,\"name\":\"Services\"}]},{\"@type\":\"WebSite\",\"@id\":\"https:\\\/\\\/celebritydentist.com\\\/#website\",\"url\":\"https:\\\/\\\/celebritydentist.com\\\/\",\"name\":\"Cosmetic Dentist in Los Angeles - Dr. Anthony Mobasser\",\"description\":\"Best Cosmetic Dentist in Los Angeles\",\"publisher\":{\"@id\":\"https:\\\/\\\/celebritydentist.com\\\/#organization\"},\"alternateName\":\"Dr. Anthony Mobasser - Celebrity Dentist\",\"potentialAction\":[{\"@type\":\"SearchAction\",\"target\":{\"@type\":\"EntryPoint\",\"urlTemplate\":\"https:\\\/\\\/celebritydentist.com\\\/?s={search_term_string}\"},\"query-input\":{\"@type\":\"PropertyValueSpecification\",\"valueRequired\":true,\"valueName\":\"search_term_string\"}}],\"inLanguage\":\"es\"},{\"@type\":\"Organization\",\"@id\":\"https:\\\/\\\/celebritydentist.com\\\/#organization\",\"name\":\"Dr. Anthony Mobasser - Celebrity Dentist\",\"url\":\"https:\\\/\\\/celebritydentist.com\\\/\",\"logo\":{\"@type\":\"ImageObject\",\"inLanguage\":\"es\",\"@id\":\"https:\\\/\\\/celebritydentist.com\\\/#\\\/schema\\\/logo\\\/image\\\/\",\"url\":\"https:\\\/\\\/celebritydentist.com\\\/wp-content\\\/uploads\\\/2020\\\/03\\\/logo.png\",\"contentUrl\":\"https:\\\/\\\/celebritydentist.com\\\/wp-content\\\/uploads\\\/2020\\\/03\\\/logo.png\",\"width\":312,\"height\":148,\"caption\":\"Dr. Anthony Mobasser - Celebrity Dentist\"},\"image\":{\"@id\":\"https:\\\/\\\/celebritydentist.com\\\/#\\\/schema\\\/logo\\\/image\\\/\"},\"sameAs\":[\"https:\\\/\\\/www.facebook.com\\\/celebritydentistla\",\"https:\\\/\\\/x.com\\\/DrMobasser\",\"https:\\\/\\\/www.youtube.com\\\/c\\\/dranthonymobasser\"]}]}<\/script>\n<!-- \/ Yoast SEO plugin. -->","yoast_head_json":{"title":"Servicios | Dr. Anthony Mobasser - Dentista de Celebridades en Los Angeles","description":"Aprenda acerca de los servicios prestados por el Dr. Anthony Mobasser - Celebrity Dentist a la clientela en Los \u00c1ngeles, Beverly Hills, y m\u00e1s all\u00e1.","robots":{"index":"index","follow":"follow","max-snippet":"max-snippet:-1","max-image-preview":"max-image-preview:large","max-video-preview":"max-video-preview:-1"},"canonical":"https:\/\/celebritydentist.com\/es\/servicios\/","og_locale":"es_MX","og_type":"article","og_title":"Services | Dr. Anthony Mobasser - Celebrity Dentist in Los Angeles","og_description":"Learn about the services provided by Dr. Anthony Mobasser - Celebrity Dentist to clientele in Los Angeles, Beverly Hills, and beyond.","og_url":"https:\/\/celebritydentist.com\/es\/servicios\/","og_site_name":"Cosmetic Dentist Los Angeles - Dr. Anthony Mobasser","article_publisher":"https:\/\/www.facebook.com\/celebritydentistla","article_modified_time":"2024-12-13T21:24:42+00:00","og_image":[{"width":687,"height":565,"url":"https:\/\/celebritydentist.com\/wp-content\/uploads\/2024\/05\/Anthony-Mobasser-DMD-West-Hollywood-Cosmetic-Dentist.jpg","type":"image\/jpeg"}],"twitter_card":"summary_large_image","twitter_site":"@DrMobasser","twitter_misc":{"Tiempo de lectura":"13 minutos"},"schema":{"@context":"https:\/\/schema.org","@graph":[{"@type":"WebPage","@id":"https:\/\/celebritydentist.com\/services\/","url":"https:\/\/celebritydentist.com\/services\/","name":"Servicios | Dr. Anthony Mobasser - Dentista de Celebridades en Los Angeles","isPartOf":{"@id":"https:\/\/celebritydentist.com\/#website"},"primaryImageOfPage":{"@id":"https:\/\/celebritydentist.com\/services\/#primaryimage"},"image":{"@id":"https:\/\/celebritydentist.com\/services\/#primaryimage"},"thumbnailUrl":"https:\/\/celebritydentist.com\/wp-content\/uploads\/2024\/05\/Anthony-Mobasser-DMD-West-Hollywood-Cosmetic-Dentist.jpg","datePublished":"2024-08-22T13:48:15+00:00","dateModified":"2024-12-13T21:24:42+00:00","description":"Aprenda acerca de los servicios prestados por el Dr. Anthony Mobasser - Celebrity Dentist a la clientela en Los \u00c1ngeles, Beverly Hills, y m\u00e1s all\u00e1.","breadcrumb":{"@id":"https:\/\/celebritydentist.com\/services\/#breadcrumb"},"inLanguage":"es","potentialAction":[{"@type":"ReadAction","target":["https:\/\/celebritydentist.com\/services\/"]}]},{"@type":"ImageObject","inLanguage":"es","@id":"https:\/\/celebritydentist.com\/services\/#primaryimage","url":"https:\/\/celebritydentist.com\/wp-content\/uploads\/2024\/05\/Anthony-Mobasser-DMD-West-Hollywood-Cosmetic-Dentist.jpg","contentUrl":"https:\/\/celebritydentist.com\/wp-content\/uploads\/2024\/05\/Anthony-Mobasser-DMD-West-Hollywood-Cosmetic-Dentist.jpg","width":687,"height":565},{"@type":"BreadcrumbList","@id":"https:\/\/celebritydentist.com\/services\/#breadcrumb","itemListElement":[{"@type":"ListItem","position":1,"name":"Home","item":"https:\/\/celebritydentist.com\/"},{"@type":"ListItem","position":2,"name":"Services"}]},{"@type":"WebSite","@id":"https:\/\/celebritydentist.com\/#website","url":"https:\/\/celebritydentist.com\/","name":"Dentista Cosm\u00e9tico en Los Angeles - Dr. Anthony Mobasser","description":"Mejor Dentista Cosm\u00e9tico en Los Angeles","publisher":{"@id":"https:\/\/celebritydentist.com\/#organization"},"alternateName":"Dr. Anthony Mobasser - Celebrity Dentist","potentialAction":[{"@type":"SearchAction","target":{"@type":"EntryPoint","urlTemplate":"https:\/\/celebritydentist.com\/?s={search_term_string}"},"query-input":{"@type":"PropertyValueSpecification","valueRequired":true,"valueName":"search_term_string"}}],"inLanguage":"es"},{"@type":"Organization","@id":"https:\/\/celebritydentist.com\/#organization","name":"Dr. Anthony Mobasser - Dentista de famosos","url":"https:\/\/celebritydentist.com\/","logo":{"@type":"ImageObject","inLanguage":"es","@id":"https:\/\/celebritydentist.com\/#\/schema\/logo\/image\/","url":"https:\/\/celebritydentist.com\/wp-content\/uploads\/2020\/03\/logo.png","contentUrl":"https:\/\/celebritydentist.com\/wp-content\/uploads\/2020\/03\/logo.png","width":312,"height":148,"caption":"Dr. Anthony Mobasser - Celebrity Dentist"},"image":{"@id":"https:\/\/celebritydentist.com\/#\/schema\/logo\/image\/"},"sameAs":["https:\/\/www.facebook.com\/celebritydentistla","https:\/\/x.com\/DrMobasser","https:\/\/www.youtube.com\/c\/dranthonymobasser"]}]}},"_links":{"self":[{"href":"https:\/\/celebritydentist.com\/es\/wp-json\/wp\/v2\/pages\/92045","targetHints":{"allow":["GET"]}}],"collection":[{"href":"https:\/\/celebritydentist.com\/es\/wp-json\/wp\/v2\/pages"}],"about":[{"href":"https:\/\/celebritydentist.com\/es\/wp-json\/wp\/v2\/types\/page"}],"author":[{"embeddable":true,"href":"https:\/\/celebritydentist.com\/es\/wp-json\/wp\/v2\/users\/4"}],"replies":[{"embeddable":true,"href":"https:\/\/celebritydentist.com\/es\/wp-json\/wp\/v2\/comments?post=92045"}],"version-history":[{"count":0,"href":"https:\/\/celebritydentist.com\/es\/wp-json\/wp\/v2\/pages\/92045\/revisions"}],"wp:featuredmedia":[{"embeddable":true,"href":"https:\/\/celebritydentist.com\/es\/wp-json\/wp\/v2\/media\/79354"}],"wp:attachment":[{"href":"https:\/\/celebritydentist.com\/es\/wp-json\/wp\/v2\/media?parent=92045"}],"curies":[{"name":"wp","href":"https:\/\/api.w.org\/{rel}","templated":true}]}}