{"id":89343,"date":"2024-07-01T19:03:22","date_gmt":"2024-07-01T23:03:22","guid":{"rendered":"https:\/\/celebritydentist.com\/?page_id=89343"},"modified":"2025-08-11T00:44:54","modified_gmt":"2025-08-11T04:44:54","slug":"opciones-de-financiacion","status":"publish","type":"page","link":"https:\/\/celebritydentist.com\/es\/financing-options\/","title":{"rendered":"Opciones de financiaci\u00f3n"},"content":{"rendered":"<section class=\"section\" id=\"section_1932647692\">\n\t\t<div class=\"bg section-bg fill bg-fill  bg-loaded\" >\n\n\t\t\t\n\t\t\t\n\t\t\t\n\n\t\t<\/div>\n\n\t\t\n\n\t\t<div class=\"section-content relative\">\n\t\t\t\n\t<div id=\"gap-1768162722\" class=\"gap-element clearfix\" style=\"display:block; height:auto;\">\n\t\t\n<style>\n#gap-1768162722 {\n  padding-top: 0px;\n}\n@media (min-width:850px) {\n  #gap-1768162722 {\n    padding-top: 0px;\n  }\n}\n<\/style>\n\t<\/div>\n\t\n\t\t<\/div>\n\n\t\t\n<style>\n#section_1932647692 {\n  padding-top: 0px;\n  padding-bottom: 0px;\n}\n@media (min-width:850px) {\n  #section_1932647692 {\n    padding-top: 0px;\n    padding-bottom: 0px;\n  }\n}\n<\/style>\n\t<\/section>\n\t\n<div class=\"row row-small align-middle align-center\"  id=\"row-198448244\">\n\n\t<div id=\"col-976362007\" class=\"col small-12 large-12\"  >\n\t\t\t\t<div class=\"col-inner text-center\"  >\n\t\t\t\n\t\t\t\n\t<div id=\"text-1463098208\" class=\"text\">\n\t\t\n<p>El Dr. Anthony Mobasser cree que todo el mundo merece tener acceso a un cuidado dental cosm\u00e9tico de calidad. Es por eso que ofrece m\u00faltiples soluciones de financiaci\u00f3n adaptadas a cualquier presupuesto; para que pueda obtener el cuidado que necesita, ahora.\u00a0<\/p>\n<p>\u00bfEst\u00e1 pensando en financiar su tratamiento dental? Averig\u00fce para cu\u00e1nto califica sin afectar su puntaje de cr\u00e9dito. Programe una consulta gratuita para explorar c\u00f3mo puede recibir el tratamiento dental que necesita y pagarlo con pagos mensuales asequibles.<\/p>\n\t\t\n<style>\n#text-1463098208 {\n  font-size: 1.3rem;\n}\n<\/style>\n\t<\/div>\n\t\n\t\t<\/div>\n\t\t\t\t\t<\/div>\n\n\t\n<\/div>\n<div class=\"row row-collapse align-middle align-center\" style=\"max-width:1500px\" id=\"row-1857613148\">\n\n\t<div id=\"col-2146838308\" class=\"col medium-4 small-12 large-3\"  >\n\t\t\t\t<div class=\"col-inner\"  >\n\t\t\t\n\t\t\t\n\t<div class=\"img has-hover x md-x lg-x y md-y lg-y\" id=\"image_19083934\">\n\t\t<a class=\"\" href=\"https:\/\/pay.withcherry.com\/dr-anthony-mobasser-celebrity-dentist\" target=\"_blank\" rel=\"noopener\" >\t\t\t\t\t\t<div class=\"img-inner dark\" >\n\t\t\t<img loading=\"lazy\" decoding=\"async\" width=\"300\" height=\"84\" src=\"https:\/\/celebritydentist.com\/wp-content\/uploads\/2024\/05\/Cherry-Financing.webp\" class=\"attachment-original size-original\" alt=\"\" srcset=\"https:\/\/celebritydentist.com\/wp-content\/uploads\/2024\/05\/Cherry-Financing.webp 300w, https:\/\/celebritydentist.com\/wp-content\/uploads\/2024\/05\/Cherry-Financing-18x5.webp 18w\" sizes=\"auto, (max-width: 300px) 100vw, 300px\" \/>\t\t\t\t\t\t\n\t\t\t\t\t<\/div>\n\t\t\t\t\t\t<\/a>\t\t\n<style>\n#image_19083934 {\n  width: 90%;\n}\n<\/style>\n\t<\/div>\n\t\n\t\t<\/div>\n\t\t\t\t\t<\/div>\n\n\t\n\n\t<div id=\"col-1710515748\" class=\"col medium-4 small-12 large-3\"  >\n\t\t\t\t<div class=\"col-inner\"  >\n\t\t\t\n\t\t\t\n\t<div class=\"img has-hover x md-x lg-x y md-y lg-y\" id=\"image_1749000125\">\n\t\t<a class=\"\" href=\"https:\/\/apply.sunbit.com\/DrAnthonyMobasser-CelebrityDentist\" target=\"_blank\" rel=\"noopener\" >\t\t\t\t\t\t<div class=\"img-inner dark\" >\n\t\t\t<img loading=\"lazy\" decoding=\"async\" width=\"876\" height=\"250\" src=\"https:\/\/celebritydentist.com\/wp-content\/uploads\/2025\/08\/cropped-Sunbit_logo_rgb-2-1.webp\" class=\"attachment-original size-original\" alt=\"\" srcset=\"https:\/\/celebritydentist.com\/wp-content\/uploads\/2025\/08\/cropped-Sunbit_logo_rgb-2-1.webp 876w, https:\/\/celebritydentist.com\/wp-content\/uploads\/2025\/08\/cropped-Sunbit_logo_rgb-2-1-800x228.webp 800w, https:\/\/celebritydentist.com\/wp-content\/uploads\/2025\/08\/cropped-Sunbit_logo_rgb-2-1-768x219.webp 768w, https:\/\/celebritydentist.com\/wp-content\/uploads\/2025\/08\/cropped-Sunbit_logo_rgb-2-1-18x5.webp 18w\" sizes=\"auto, (max-width: 876px) 100vw, 876px\" \/>\t\t\t\t\t\t\n\t\t\t\t\t<\/div>\n\t\t\t\t\t\t<\/a>\t\t\n<style>\n#image_1749000125 {\n  width: 90%;\n}\n<\/style>\n\t<\/div>\n\t\n\t\t<\/div>\n\t\t\t\t\t<\/div>\n\n\t\n\n\t<div id=\"col-1016453202\" class=\"col medium-4 small-12 large-3\"  >\n\t\t\t\t<div class=\"col-inner\"  >\n\t\t\t\n\t\t\t\n\t<div class=\"img has-hover x md-x lg-x y md-y lg-y\" id=\"image_532771059\">\n\t\t<a class=\"\" href=\"https:\/\/www.carecredit.com\/go\/826DCB\/\" >\t\t\t\t\t\t<div class=\"img-inner dark\" >\n\t\t\t<img loading=\"lazy\" decoding=\"async\" width=\"400\" height=\"150\" src=\"https:\/\/celebritydentist.com\/wp-content\/uploads\/2024\/03\/carecredit-1.png\" class=\"attachment-original size-original\" alt=\"\" srcset=\"https:\/\/celebritydentist.com\/wp-content\/uploads\/2024\/03\/carecredit-1.png 400w, https:\/\/celebritydentist.com\/wp-content\/uploads\/2024\/03\/carecredit-1-18x7.png 18w\" sizes=\"auto, (max-width: 400px) 100vw, 400px\" \/>\t\t\t\t\t\t\n\t\t\t\t\t<\/div>\n\t\t\t\t\t\t<\/a>\t\t\n<style>\n#image_532771059 {\n  width: 100%;\n}\n<\/style>\n\t<\/div>\n\t\n\t\t<\/div>\n\t\t\t\t\t<\/div>\n\n\t\n\n\t<div id=\"col-977078069\" class=\"col medium-4 small-12 large-3\"  >\n\t\t\t\t<div class=\"col-inner\"  >\n\t\t\t\n\t\t\t\n\t<div class=\"img has-hover x md-x lg-x y md-y lg-y\" id=\"image_1659839222\">\n\t\t<a class=\"\" href=\"https:\/\/www.lendingclub.com\/patientsolutions\/app\/check-your-rate?user=applicant&clientid=339444\" >\t\t\t\t\t\t<div class=\"img-inner dark\" >\n\t\t\t<img loading=\"lazy\" decoding=\"async\" width=\"400\" height=\"150\" src=\"https:\/\/celebritydentist.com\/wp-content\/uploads\/2024\/03\/lending_club_logo.png\" class=\"attachment-original size-original\" alt=\"\" srcset=\"https:\/\/celebritydentist.com\/wp-content\/uploads\/2024\/03\/lending_club_logo.png 400w, https:\/\/celebritydentist.com\/wp-content\/uploads\/2024\/03\/lending_club_logo-18x7.png 18w\" sizes=\"auto, (max-width: 400px) 100vw, 400px\" \/>\t\t\t\t\t\t\n\t\t\t\t\t<\/div>\n\t\t\t\t\t\t<\/a>\t\t\n<style>\n#image_1659839222 {\n  width: 100%;\n}\n<\/style>\n\t<\/div>\n\t\n\t\t<\/div>\n\t\t\t\t\t<\/div>\n\n\t\n<\/div>\n<div class=\"row row-collapse align-middle align-center\" style=\"max-width:1500px\" id=\"row-1257030699\">\n\n\t<div id=\"col-616071561\" class=\"col medium-4 small-12 large-3\"  >\n\t\t\t\t<div class=\"col-inner\"  >\n\t\t\t\n\t\t\t\n\t<div class=\"img has-hover x md-x lg-x y md-y lg-y\" id=\"image_768294846\">\n\t\t<a class=\"\" href=\"https:\/\/go.alphaeoncredit.com\/practice-application\/90111\" >\t\t\t\t\t\t<div class=\"img-inner dark\" >\n\t\t\t<img loading=\"lazy\" decoding=\"async\" width=\"463\" height=\"150\" src=\"https:\/\/celebritydentist.com\/wp-content\/uploads\/2024\/03\/1593118032-alphaeon-logo.png\" class=\"attachment-original size-original\" alt=\"\" srcset=\"https:\/\/celebritydentist.com\/wp-content\/uploads\/2024\/03\/1593118032-alphaeon-logo.png 463w, https:\/\/celebritydentist.com\/wp-content\/uploads\/2024\/03\/1593118032-alphaeon-logo-18x6.png 18w\" sizes=\"auto, (max-width: 463px) 100vw, 463px\" \/>\t\t\t\t\t\t\n\t\t\t\t\t<\/div>\n\t\t\t\t\t\t<\/a>\t\t\n<style>\n#image_768294846 {\n  width: 100%;\n}\n<\/style>\n\t<\/div>\n\t\n\t\t<\/div>\n\t\t\t\t\t<\/div>\n\n\t\n\n\t<div id=\"col-1574145334\" class=\"col medium-4 small-12 large-3\"  >\n\t\t\t\t<div class=\"col-inner\"  >\n\t\t\t\n\t\t\t\n\t<div class=\"img has-hover x md-x lg-x y md-y lg-y\" id=\"image_1471593628\">\n\t\t<a class=\"\" href=\"https:\/\/www.proceedfinance.com\/application\/create?referrer=26356-9521-FE3E\" >\t\t\t\t\t\t<div class=\"img-inner dark\" >\n\t\t\t<img loading=\"lazy\" decoding=\"async\" width=\"1024\" height=\"200\" src=\"https:\/\/celebritydentist.com\/wp-content\/uploads\/2024\/07\/proceed-finanace-logo.png\" class=\"attachment-original size-original\" alt=\"\" srcset=\"https:\/\/celebritydentist.com\/wp-content\/uploads\/2024\/07\/proceed-finanace-logo.png 1024w, https:\/\/celebritydentist.com\/wp-content\/uploads\/2024\/07\/proceed-finanace-logo-800x156.png 800w, https:\/\/celebritydentist.com\/wp-content\/uploads\/2024\/07\/proceed-finanace-logo-768x150.png 768w, https:\/\/celebritydentist.com\/wp-content\/uploads\/2024\/07\/proceed-finanace-logo-18x4.png 18w\" sizes=\"auto, (max-width: 1024px) 100vw, 1024px\" \/>\t\t\t\t\t\t\n\t\t\t\t\t<\/div>\n\t\t\t\t\t\t<\/a>\t\t\n<style>\n#image_1471593628 {\n  width: 100%;\n}\n<\/style>\n\t<\/div>\n\t\n\t\t<\/div>\n\t\t\t\t\t<\/div>\n\n\t\n\n\t<div id=\"col-1242661688\" class=\"col medium-4 small-12 large-3\"  >\n\t\t\t\t<div class=\"col-inner\"  >\n\t\t\t\n\t\t\t\n\t<div class=\"img has-hover x md-x lg-x y md-y lg-y\" id=\"image_2013254519\">\n\t\t<a class=\"\" href=\"https:\/\/link.icredit.works\/tasTzhNJeTb\/?__branch_flow_type=qr_code\" >\t\t\t\t\t\t<div class=\"img-inner dark\" >\n\t\t\t<img loading=\"lazy\" decoding=\"async\" width=\"1125\" height=\"191\" src=\"https:\/\/celebritydentist.com\/wp-content\/uploads\/2025\/05\/iCreditWorks-logo.jpg\" class=\"attachment-original size-original\" alt=\"\" srcset=\"https:\/\/celebritydentist.com\/wp-content\/uploads\/2025\/05\/iCreditWorks-logo.jpg 1125w, https:\/\/celebritydentist.com\/wp-content\/uploads\/2025\/05\/iCreditWorks-logo-800x136.jpg 800w, https:\/\/celebritydentist.com\/wp-content\/uploads\/2025\/05\/iCreditWorks-logo-768x130.jpg 768w, https:\/\/celebritydentist.com\/wp-content\/uploads\/2025\/05\/iCreditWorks-logo-18x3.jpg 18w\" sizes=\"auto, (max-width: 1125px) 100vw, 1125px\" \/>\t\t\t\t\t\t\n\t\t\t\t\t<\/div>\n\t\t\t\t\t\t<\/a>\t\t\n<style>\n#image_2013254519 {\n  width: 100%;\n}\n<\/style>\n\t<\/div>\n\t\n\t\t<\/div>\n\t\t\t\t\t<\/div>\n\n\t\n<\/div>","protected":false},"excerpt":{"rendered":"","protected":false},"author":4,"featured_media":89345,"parent":0,"menu_order":0,"comment_status":"closed","ping_status":"closed","template":"","meta":{"rop_custom_images_group":[],"rop_custom_messages_group":[],"rop_publish_now":"initial","rop_publish_now_accounts":{"gmb_109265489736877664202_accounts\/109265489736877664202\/locations\/14511074563117616170":""},"rop_publish_now_history":[],"rop_publish_now_status":"pending","footnotes":""},"class_list":["post-89343","page","type-page","status-publish","has-post-thumbnail","hentry"],"yoast_head":"<!-- This site is optimized with the Yoast SEO plugin v27.5 - https:\/\/yoast.com\/product\/yoast-seo-wordpress\/ -->\n<title>Financing Options for Dental Treatment in Los Angeles<\/title>\n<meta name=\"description\" content=\"Learn about the financing options we provide to help patients get the care they need with affordable monthly payments that can fit any budget.\" \/>\n<meta name=\"robots\" content=\"index, follow, max-snippet:-1, max-image-preview:large, max-video-preview:-1\" \/>\n<link rel=\"canonical\" href=\"https:\/\/celebritydentist.com\/es\/opciones-de-financiacion\/\" \/>\n<meta property=\"og:locale\" content=\"es_MX\" \/>\n<meta property=\"og:type\" content=\"article\" \/>\n<meta property=\"og:title\" content=\"Financing Options for Dental Treatment in Los Angeles\" \/>\n<meta property=\"og:description\" content=\"Learn about the financing options we provide to help patients get the care they need with affordable monthly payments that can fit any budget.\" \/>\n<meta property=\"og:url\" content=\"https:\/\/celebritydentist.com\/es\/opciones-de-financiacion\/\" \/>\n<meta property=\"og:site_name\" content=\"Cosmetic Dentist Los Angeles - Dr. Anthony Mobasser\" \/>\n<meta property=\"article:publisher\" content=\"https:\/\/www.facebook.com\/celebritydentistla\" \/>\n<meta property=\"article:modified_time\" content=\"2025-08-11T04:44:54+00:00\" \/>\n<meta property=\"og:image\" content=\"https:\/\/celebritydentist.com\/wp-content\/uploads\/2024\/07\/Financing-Options-1.jpg\" \/>\n\t<meta property=\"og:image:width\" content=\"500\" \/>\n\t<meta property=\"og:image:height\" content=\"334\" \/>\n\t<meta property=\"og:image:type\" content=\"image\/jpeg\" \/>\n<meta name=\"twitter:card\" content=\"summary_large_image\" \/>\n<meta name=\"twitter:site\" content=\"@DrMobasser\" \/>\n<meta name=\"twitter:label1\" content=\"Tiempo de lectura\" \/>\n\t<meta name=\"twitter:data1\" content=\"13 minutos\" \/>\n<script type=\"application\/ld+json\" class=\"yoast-schema-graph\">{\"@context\":\"https:\\\/\\\/schema.org\",\"@graph\":[{\"@type\":\"WebPage\",\"@id\":\"https:\\\/\\\/celebritydentist.com\\\/financing-options\\\/\",\"url\":\"https:\\\/\\\/celebritydentist.com\\\/financing-options\\\/\",\"name\":\"Financing Options for Dental Treatment in Los Angeles\",\"isPartOf\":{\"@id\":\"https:\\\/\\\/celebritydentist.com\\\/#website\"},\"primaryImageOfPage\":{\"@id\":\"https:\\\/\\\/celebritydentist.com\\\/financing-options\\\/#primaryimage\"},\"image\":{\"@id\":\"https:\\\/\\\/celebritydentist.com\\\/financing-options\\\/#primaryimage\"},\"thumbnailUrl\":\"https:\\\/\\\/celebritydentist.com\\\/wp-content\\\/uploads\\\/2024\\\/07\\\/Financing-Options-1.jpg\",\"datePublished\":\"2024-07-01T23:03:22+00:00\",\"dateModified\":\"2025-08-11T04:44:54+00:00\",\"description\":\"Learn about the financing options we provide to help patients get the care they need with affordable monthly payments that can fit any budget.\",\"breadcrumb\":{\"@id\":\"https:\\\/\\\/celebritydentist.com\\\/financing-options\\\/#breadcrumb\"},\"inLanguage\":\"es\",\"potentialAction\":[{\"@type\":\"ReadAction\",\"target\":[\"https:\\\/\\\/celebritydentist.com\\\/financing-options\\\/\"]}]},{\"@type\":\"ImageObject\",\"inLanguage\":\"es\",\"@id\":\"https:\\\/\\\/celebritydentist.com\\\/financing-options\\\/#primaryimage\",\"url\":\"https:\\\/\\\/celebritydentist.com\\\/wp-content\\\/uploads\\\/2024\\\/07\\\/Financing-Options-1.jpg\",\"contentUrl\":\"https:\\\/\\\/celebritydentist.com\\\/wp-content\\\/uploads\\\/2024\\\/07\\\/Financing-Options-1.jpg\",\"width\":500,\"height\":334},{\"@type\":\"BreadcrumbList\",\"@id\":\"https:\\\/\\\/celebritydentist.com\\\/financing-options\\\/#breadcrumb\",\"itemListElement\":[{\"@type\":\"ListItem\",\"position\":1,\"name\":\"Home\",\"item\":\"https:\\\/\\\/celebritydentist.com\\\/\"},{\"@type\":\"ListItem\",\"position\":2,\"name\":\"Financing Options\"}]},{\"@type\":\"WebSite\",\"@id\":\"https:\\\/\\\/celebritydentist.com\\\/#website\",\"url\":\"https:\\\/\\\/celebritydentist.com\\\/\",\"name\":\"Cosmetic Dentist in Los Angeles - Dr. Anthony Mobasser\",\"description\":\"Best Cosmetic Dentist in Los Angeles\",\"publisher\":{\"@id\":\"https:\\\/\\\/celebritydentist.com\\\/#organization\"},\"alternateName\":\"Dr. Anthony Mobasser - Celebrity Dentist\",\"potentialAction\":[{\"@type\":\"SearchAction\",\"target\":{\"@type\":\"EntryPoint\",\"urlTemplate\":\"https:\\\/\\\/celebritydentist.com\\\/?s={search_term_string}\"},\"query-input\":{\"@type\":\"PropertyValueSpecification\",\"valueRequired\":true,\"valueName\":\"search_term_string\"}}],\"inLanguage\":\"es\"},{\"@type\":\"Organization\",\"@id\":\"https:\\\/\\\/celebritydentist.com\\\/#organization\",\"name\":\"Dr. Anthony Mobasser - Celebrity Dentist\",\"url\":\"https:\\\/\\\/celebritydentist.com\\\/\",\"logo\":{\"@type\":\"ImageObject\",\"inLanguage\":\"es\",\"@id\":\"https:\\\/\\\/celebritydentist.com\\\/#\\\/schema\\\/logo\\\/image\\\/\",\"url\":\"https:\\\/\\\/celebritydentist.com\\\/wp-content\\\/uploads\\\/2020\\\/03\\\/logo.png\",\"contentUrl\":\"https:\\\/\\\/celebritydentist.com\\\/wp-content\\\/uploads\\\/2020\\\/03\\\/logo.png\",\"width\":312,\"height\":148,\"caption\":\"Dr. Anthony Mobasser - Celebrity Dentist\"},\"image\":{\"@id\":\"https:\\\/\\\/celebritydentist.com\\\/#\\\/schema\\\/logo\\\/image\\\/\"},\"sameAs\":[\"https:\\\/\\\/www.facebook.com\\\/celebritydentistla\",\"https:\\\/\\\/x.com\\\/DrMobasser\",\"https:\\\/\\\/www.youtube.com\\\/c\\\/dranthonymobasser\"]}]}<\/script>\n<!-- \/ Yoast SEO plugin. -->","yoast_head_json":{"title":"Opciones de financiaci\u00f3n para tratamientos dentales en Los \u00c1ngeles","description":"Inf\u00f3rmese sobre las opciones de financiaci\u00f3n que ofrecemos para ayudar a los pacientes a recibir la atenci\u00f3n que necesitan con pagos mensuales asequibles que pueden ajustarse a cualquier presupuesto.","robots":{"index":"index","follow":"follow","max-snippet":"max-snippet:-1","max-image-preview":"max-image-preview:large","max-video-preview":"max-video-preview:-1"},"canonical":"https:\/\/celebritydentist.com\/es\/opciones-de-financiacion\/","og_locale":"es_MX","og_type":"article","og_title":"Financing Options for Dental Treatment in Los Angeles","og_description":"Learn about the financing options we provide to help patients get the care they need with affordable monthly payments that can fit any budget.","og_url":"https:\/\/celebritydentist.com\/es\/opciones-de-financiacion\/","og_site_name":"Cosmetic Dentist Los Angeles - Dr. Anthony Mobasser","article_publisher":"https:\/\/www.facebook.com\/celebritydentistla","article_modified_time":"2025-08-11T04:44:54+00:00","og_image":[{"width":500,"height":334,"url":"https:\/\/celebritydentist.com\/wp-content\/uploads\/2024\/07\/Financing-Options-1.jpg","type":"image\/jpeg"}],"twitter_card":"summary_large_image","twitter_site":"@DrMobasser","twitter_misc":{"Tiempo de lectura":"13 minutos"},"schema":{"@context":"https:\/\/schema.org","@graph":[{"@type":"WebPage","@id":"https:\/\/celebritydentist.com\/financing-options\/","url":"https:\/\/celebritydentist.com\/financing-options\/","name":"Opciones de financiaci\u00f3n para tratamientos dentales en Los \u00c1ngeles","isPartOf":{"@id":"https:\/\/celebritydentist.com\/#website"},"primaryImageOfPage":{"@id":"https:\/\/celebritydentist.com\/financing-options\/#primaryimage"},"image":{"@id":"https:\/\/celebritydentist.com\/financing-options\/#primaryimage"},"thumbnailUrl":"https:\/\/celebritydentist.com\/wp-content\/uploads\/2024\/07\/Financing-Options-1.jpg","datePublished":"2024-07-01T23:03:22+00:00","dateModified":"2025-08-11T04:44:54+00:00","description":"Inf\u00f3rmese sobre las opciones de financiaci\u00f3n que ofrecemos para ayudar a los pacientes a recibir la atenci\u00f3n que necesitan con pagos mensuales asequibles que pueden ajustarse a cualquier presupuesto.","breadcrumb":{"@id":"https:\/\/celebritydentist.com\/financing-options\/#breadcrumb"},"inLanguage":"es","potentialAction":[{"@type":"ReadAction","target":["https:\/\/celebritydentist.com\/financing-options\/"]}]},{"@type":"ImageObject","inLanguage":"es","@id":"https:\/\/celebritydentist.com\/financing-options\/#primaryimage","url":"https:\/\/celebritydentist.com\/wp-content\/uploads\/2024\/07\/Financing-Options-1.jpg","contentUrl":"https:\/\/celebritydentist.com\/wp-content\/uploads\/2024\/07\/Financing-Options-1.jpg","width":500,"height":334},{"@type":"BreadcrumbList","@id":"https:\/\/celebritydentist.com\/financing-options\/#breadcrumb","itemListElement":[{"@type":"ListItem","position":1,"name":"Home","item":"https:\/\/celebritydentist.com\/"},{"@type":"ListItem","position":2,"name":"Financing Options"}]},{"@type":"WebSite","@id":"https:\/\/celebritydentist.com\/#website","url":"https:\/\/celebritydentist.com\/","name":"Dentista Cosm\u00e9tico en Los Angeles - Dr. Anthony Mobasser","description":"Mejor Dentista Cosm\u00e9tico en Los Angeles","publisher":{"@id":"https:\/\/celebritydentist.com\/#organization"},"alternateName":"Dr. Anthony Mobasser - Celebrity Dentist","potentialAction":[{"@type":"SearchAction","target":{"@type":"EntryPoint","urlTemplate":"https:\/\/celebritydentist.com\/?s={search_term_string}"},"query-input":{"@type":"PropertyValueSpecification","valueRequired":true,"valueName":"search_term_string"}}],"inLanguage":"es"},{"@type":"Organization","@id":"https:\/\/celebritydentist.com\/#organization","name":"Dr. Anthony Mobasser - Dentista de famosos","url":"https:\/\/celebritydentist.com\/","logo":{"@type":"ImageObject","inLanguage":"es","@id":"https:\/\/celebritydentist.com\/#\/schema\/logo\/image\/","url":"https:\/\/celebritydentist.com\/wp-content\/uploads\/2020\/03\/logo.png","contentUrl":"https:\/\/celebritydentist.com\/wp-content\/uploads\/2020\/03\/logo.png","width":312,"height":148,"caption":"Dr. Anthony Mobasser - Celebrity Dentist"},"image":{"@id":"https:\/\/celebritydentist.com\/#\/schema\/logo\/image\/"},"sameAs":["https:\/\/www.facebook.com\/celebritydentistla","https:\/\/x.com\/DrMobasser","https:\/\/www.youtube.com\/c\/dranthonymobasser"]}]}},"_links":{"self":[{"href":"https:\/\/celebritydentist.com\/es\/wp-json\/wp\/v2\/pages\/89343","targetHints":{"allow":["GET"]}}],"collection":[{"href":"https:\/\/celebritydentist.com\/es\/wp-json\/wp\/v2\/pages"}],"about":[{"href":"https:\/\/celebritydentist.com\/es\/wp-json\/wp\/v2\/types\/page"}],"author":[{"embeddable":true,"href":"https:\/\/celebritydentist.com\/es\/wp-json\/wp\/v2\/users\/4"}],"replies":[{"embeddable":true,"href":"https:\/\/celebritydentist.com\/es\/wp-json\/wp\/v2\/comments?post=89343"}],"version-history":[{"count":0,"href":"https:\/\/celebritydentist.com\/es\/wp-json\/wp\/v2\/pages\/89343\/revisions"}],"wp:featuredmedia":[{"embeddable":true,"href":"https:\/\/celebritydentist.com\/es\/wp-json\/wp\/v2\/media\/89345"}],"wp:attachment":[{"href":"https:\/\/celebritydentist.com\/es\/wp-json\/wp\/v2\/media?parent=89343"}],"curies":[{"name":"wp","href":"https:\/\/api.w.org\/{rel}","templated":true}]}}